{"id":39848,"date":"2014-10-30T20:36:20","date_gmt":"2020-12-04T12:43:57","guid":{"rendered":"https:\/\/www.cavalin.it\/product\/barolo-barrique-decanter\/"},"modified":"2020-12-04T13:44:00","modified_gmt":"2020-12-04T12:44:00","slug":"barolo-barrique-decanter","status":"publish","type":"product","link":"https:\/\/www.cavalin.it\/de\/produkt\/barolo-barrique-decanter\/","title":{"rendered":"Barolo Barrique Decanter"},"content":{"rendered":"<p>Gradazione 40% vol.<br \/>\n700ml<br \/>\nInklusive Massivholzkiste und nummeriertem Zertifikat.<\/p>\n","protected":false},"excerpt":{"rendered":"<p>Grappa di Barolo Barrique reift 36 Monate in franz\u00f6sischen Eichenf\u00e4ssern. Das Ergebnis ist ein Grappa, der die markierte und typische Note von Barolo beibeh\u00e4lt, die durch das Holz abgerundet wird, wodurch der Geschmack runder und s\u00fc\u00dfer wird.<br \/>\nDie Flasche hat ein laminiertes Metalletikett mit Pr\u00e4gung und eine Massivholzkaraffe mit Zertifikat, Beschreibung und Flaschennummer ist enthalten.<\/p>\n","protected":false},"featured_media":18927,"template":"","meta":{"_acf_changed":false},"product_brand":[],"product_cat":[98],"product_tag":[],"class_list":{"0":"post-39848","1":"product","2":"type-product","3":"status-publish","4":"has-post-thumbnail","6":"product_cat-grappa-barrikaden","8":"first","9":"instock","10":"taxable","11":"shipping-taxable","12":"purchasable","13":"product-type-simple"},"acf":[],"yoast_head":"<!-- This site is optimized with the Yoast SEO plugin v27.3 - https:\/\/yoast.com\/product\/yoast-seo-wordpress\/ -->\n<title>Barolo Barrique Decanter - Cavalin Distillerie<\/title>\n<meta name=\"robots\" content=\"index, follow, max-snippet:-1, max-image-preview:large, max-video-preview:-1\" \/>\n<link rel=\"canonical\" href=\"https:\/\/www.cavalin.it\/de\/produkt\/barolo-barrique-decanter\/\" \/>\n<meta property=\"og:locale\" content=\"de_DE\" \/>\n<meta property=\"og:type\" content=\"article\" \/>\n<meta property=\"og:title\" content=\"Barolo Barrique Decanter - Cavalin Distillerie\" \/>\n<meta property=\"og:description\" content=\"Grappa di Barolo Barrique reift 36 Monate in franz\u00f6sischen Eichenf\u00e4ssern. Das Ergebnis ist ein Grappa, der die markierte und typische Note von Barolo beibeh\u00e4lt, die durch das Holz abgerundet wird, wodurch der Geschmack runder und s\u00fc\u00dfer wird. Die Flasche hat ein laminiertes Metalletikett mit Pr\u00e4gung und eine Massivholzkaraffe mit Zertifikat, Beschreibung und Flaschennummer ist enthalten.\" \/>\n<meta property=\"og:url\" content=\"https:\/\/www.cavalin.it\/de\/produkt\/barolo-barrique-decanter\/\" \/>\n<meta property=\"og:site_name\" content=\"Cavalin Distillerie\" \/>\n<meta property=\"article:modified_time\" content=\"2020-12-04T12:44:00+00:00\" \/>\n<meta property=\"og:image\" content=\"https:\/\/www.cavalin.it\/wp-content\/uploads\/2014\/10\/BAROLO-BARRIQUE-ROVERE-decanter.jpg\" \/>\n\t<meta property=\"og:image:width\" content=\"467\" \/>\n\t<meta property=\"og:image:height\" content=\"700\" \/>\n\t<meta property=\"og:image:type\" content=\"image\/jpeg\" \/>\n<meta name=\"twitter:card\" content=\"summary_large_image\" \/>\n<script type=\"application\/ld+json\" class=\"yoast-schema-graph\">{\"@context\":\"https:\\\/\\\/schema.org\",\"@graph\":[{\"@type\":\"WebPage\",\"@id\":\"https:\\\/\\\/www.cavalin.it\\\/de\\\/produkt\\\/barolo-barrique-decanter\\\/\",\"url\":\"https:\\\/\\\/www.cavalin.it\\\/de\\\/produkt\\\/barolo-barrique-decanter\\\/\",\"name\":\"Barolo Barrique Decanter - Cavalin Distillerie\",\"isPartOf\":{\"@id\":\"https:\\\/\\\/www.cavalin.it\\\/#website\"},\"primaryImageOfPage\":{\"@id\":\"https:\\\/\\\/www.cavalin.it\\\/de\\\/produkt\\\/barolo-barrique-decanter\\\/#primaryimage\"},\"image\":{\"@id\":\"https:\\\/\\\/www.cavalin.it\\\/de\\\/produkt\\\/barolo-barrique-decanter\\\/#primaryimage\"},\"thumbnailUrl\":\"https:\\\/\\\/www.cavalin.it\\\/wp-content\\\/uploads\\\/2014\\\/10\\\/BAROLO-BARRIQUE-ROVERE-decanter.jpg\",\"datePublished\":\"2020-12-04T12:43:57+00:00\",\"dateModified\":\"2020-12-04T12:44:00+00:00\",\"breadcrumb\":{\"@id\":\"https:\\\/\\\/www.cavalin.it\\\/de\\\/produkt\\\/barolo-barrique-decanter\\\/#breadcrumb\"},\"inLanguage\":\"de\",\"potentialAction\":[{\"@type\":\"ReadAction\",\"target\":[\"https:\\\/\\\/www.cavalin.it\\\/de\\\/produkt\\\/barolo-barrique-decanter\\\/\"]}]},{\"@type\":\"ImageObject\",\"inLanguage\":\"de\",\"@id\":\"https:\\\/\\\/www.cavalin.it\\\/de\\\/produkt\\\/barolo-barrique-decanter\\\/#primaryimage\",\"url\":\"https:\\\/\\\/www.cavalin.it\\\/wp-content\\\/uploads\\\/2014\\\/10\\\/BAROLO-BARRIQUE-ROVERE-decanter.jpg\",\"contentUrl\":\"https:\\\/\\\/www.cavalin.it\\\/wp-content\\\/uploads\\\/2014\\\/10\\\/BAROLO-BARRIQUE-ROVERE-decanter.jpg\",\"width\":467,\"height\":700},{\"@type\":\"BreadcrumbList\",\"@id\":\"https:\\\/\\\/www.cavalin.it\\\/de\\\/produkt\\\/barolo-barrique-decanter\\\/#breadcrumb\",\"itemListElement\":[{\"@type\":\"ListItem\",\"position\":1,\"name\":\"Home\",\"item\":\"https:\\\/\\\/www.cavalin.it\\\/de\\\/\"},{\"@type\":\"ListItem\",\"position\":2,\"name\":\"Shop\",\"item\":\"https:\\\/\\\/www.cavalin.it\\\/negozio\\\/\"},{\"@type\":\"ListItem\",\"position\":3,\"name\":\"Barolo Barrique Decanter\"}]},{\"@type\":\"WebSite\",\"@id\":\"https:\\\/\\\/www.cavalin.it\\\/#website\",\"url\":\"https:\\\/\\\/www.cavalin.it\\\/\",\"name\":\"Cavalin Distillerie\",\"description\":\"Produttori Grappa e Distillati\",\"publisher\":{\"@id\":\"https:\\\/\\\/www.cavalin.it\\\/#organization\"},\"potentialAction\":[{\"@type\":\"SearchAction\",\"target\":{\"@type\":\"EntryPoint\",\"urlTemplate\":\"https:\\\/\\\/www.cavalin.it\\\/?s={search_term_string}\"},\"query-input\":{\"@type\":\"PropertyValueSpecification\",\"valueRequired\":true,\"valueName\":\"search_term_string\"}}],\"inLanguage\":\"de\"},{\"@type\":\"Organization\",\"@id\":\"https:\\\/\\\/www.cavalin.it\\\/#organization\",\"name\":\"Cavalin Distillerie\",\"url\":\"https:\\\/\\\/www.cavalin.it\\\/\",\"logo\":{\"@type\":\"ImageObject\",\"inLanguage\":\"de\",\"@id\":\"https:\\\/\\\/www.cavalin.it\\\/#\\\/schema\\\/logo\\\/image\\\/\",\"url\":\"https:\\\/\\\/www.cavalin.it\\\/wp-content\\\/uploads\\\/2018\\\/06\\\/logo-cavalin.png\",\"contentUrl\":\"https:\\\/\\\/www.cavalin.it\\\/wp-content\\\/uploads\\\/2018\\\/06\\\/logo-cavalin.png\",\"width\":300,\"height\":179,\"caption\":\"Cavalin Distillerie\"},\"image\":{\"@id\":\"https:\\\/\\\/www.cavalin.it\\\/#\\\/schema\\\/logo\\\/image\\\/\"}}]}<\/script>\n<!-- \/ Yoast SEO plugin. -->","yoast_head_json":{"title":"Barolo Barrique Decanter - Cavalin Distillerie","robots":{"index":"index","follow":"follow","max-snippet":"max-snippet:-1","max-image-preview":"max-image-preview:large","max-video-preview":"max-video-preview:-1"},"canonical":"https:\/\/www.cavalin.it\/de\/produkt\/barolo-barrique-decanter\/","og_locale":"de_DE","og_type":"article","og_title":"Barolo Barrique Decanter - Cavalin Distillerie","og_description":"Grappa di Barolo Barrique reift 36 Monate in franz\u00f6sischen Eichenf\u00e4ssern. Das Ergebnis ist ein Grappa, der die markierte und typische Note von Barolo beibeh\u00e4lt, die durch das Holz abgerundet wird, wodurch der Geschmack runder und s\u00fc\u00dfer wird. Die Flasche hat ein laminiertes Metalletikett mit Pr\u00e4gung und eine Massivholzkaraffe mit Zertifikat, Beschreibung und Flaschennummer ist enthalten.","og_url":"https:\/\/www.cavalin.it\/de\/produkt\/barolo-barrique-decanter\/","og_site_name":"Cavalin Distillerie","article_modified_time":"2020-12-04T12:44:00+00:00","og_image":[{"width":467,"height":700,"url":"https:\/\/www.cavalin.it\/wp-content\/uploads\/2014\/10\/BAROLO-BARRIQUE-ROVERE-decanter.jpg","type":"image\/jpeg"}],"twitter_card":"summary_large_image","schema":{"@context":"https:\/\/schema.org","@graph":[{"@type":"WebPage","@id":"https:\/\/www.cavalin.it\/de\/produkt\/barolo-barrique-decanter\/","url":"https:\/\/www.cavalin.it\/de\/produkt\/barolo-barrique-decanter\/","name":"Barolo Barrique Decanter - Cavalin Distillerie","isPartOf":{"@id":"https:\/\/www.cavalin.it\/#website"},"primaryImageOfPage":{"@id":"https:\/\/www.cavalin.it\/de\/produkt\/barolo-barrique-decanter\/#primaryimage"},"image":{"@id":"https:\/\/www.cavalin.it\/de\/produkt\/barolo-barrique-decanter\/#primaryimage"},"thumbnailUrl":"https:\/\/www.cavalin.it\/wp-content\/uploads\/2014\/10\/BAROLO-BARRIQUE-ROVERE-decanter.jpg","datePublished":"2020-12-04T12:43:57+00:00","dateModified":"2020-12-04T12:44:00+00:00","breadcrumb":{"@id":"https:\/\/www.cavalin.it\/de\/produkt\/barolo-barrique-decanter\/#breadcrumb"},"inLanguage":"de","potentialAction":[{"@type":"ReadAction","target":["https:\/\/www.cavalin.it\/de\/produkt\/barolo-barrique-decanter\/"]}]},{"@type":"ImageObject","inLanguage":"de","@id":"https:\/\/www.cavalin.it\/de\/produkt\/barolo-barrique-decanter\/#primaryimage","url":"https:\/\/www.cavalin.it\/wp-content\/uploads\/2014\/10\/BAROLO-BARRIQUE-ROVERE-decanter.jpg","contentUrl":"https:\/\/www.cavalin.it\/wp-content\/uploads\/2014\/10\/BAROLO-BARRIQUE-ROVERE-decanter.jpg","width":467,"height":700},{"@type":"BreadcrumbList","@id":"https:\/\/www.cavalin.it\/de\/produkt\/barolo-barrique-decanter\/#breadcrumb","itemListElement":[{"@type":"ListItem","position":1,"name":"Home","item":"https:\/\/www.cavalin.it\/de\/"},{"@type":"ListItem","position":2,"name":"Shop","item":"https:\/\/www.cavalin.it\/negozio\/"},{"@type":"ListItem","position":3,"name":"Barolo Barrique Decanter"}]},{"@type":"WebSite","@id":"https:\/\/www.cavalin.it\/#website","url":"https:\/\/www.cavalin.it\/","name":"Cavalin Distillerie","description":"Produttori Grappa e Distillati","publisher":{"@id":"https:\/\/www.cavalin.it\/#organization"},"potentialAction":[{"@type":"SearchAction","target":{"@type":"EntryPoint","urlTemplate":"https:\/\/www.cavalin.it\/?s={search_term_string}"},"query-input":{"@type":"PropertyValueSpecification","valueRequired":true,"valueName":"search_term_string"}}],"inLanguage":"de"},{"@type":"Organization","@id":"https:\/\/www.cavalin.it\/#organization","name":"Cavalin Distillerie","url":"https:\/\/www.cavalin.it\/","logo":{"@type":"ImageObject","inLanguage":"de","@id":"https:\/\/www.cavalin.it\/#\/schema\/logo\/image\/","url":"https:\/\/www.cavalin.it\/wp-content\/uploads\/2018\/06\/logo-cavalin.png","contentUrl":"https:\/\/www.cavalin.it\/wp-content\/uploads\/2018\/06\/logo-cavalin.png","width":300,"height":179,"caption":"Cavalin Distillerie"},"image":{"@id":"https:\/\/www.cavalin.it\/#\/schema\/logo\/image\/"}}]}},"_links":{"self":[{"href":"https:\/\/www.cavalin.it\/de\/wp-json\/wp\/v2\/product\/39848","targetHints":{"allow":["GET"]}}],"collection":[{"href":"https:\/\/www.cavalin.it\/de\/wp-json\/wp\/v2\/product"}],"about":[{"href":"https:\/\/www.cavalin.it\/de\/wp-json\/wp\/v2\/types\/product"}],"wp:featuredmedia":[{"embeddable":true,"href":"https:\/\/www.cavalin.it\/de\/wp-json\/wp\/v2\/media\/18927"}],"wp:attachment":[{"href":"https:\/\/www.cavalin.it\/de\/wp-json\/wp\/v2\/media?parent=39848"}],"wp:term":[{"taxonomy":"product_brand","embeddable":true,"href":"https:\/\/www.cavalin.it\/de\/wp-json\/wp\/v2\/product_brand?post=39848"},{"taxonomy":"product_cat","embeddable":true,"href":"https:\/\/www.cavalin.it\/de\/wp-json\/wp\/v2\/product_cat?post=39848"},{"taxonomy":"product_tag","embeddable":true,"href":"https:\/\/www.cavalin.it\/de\/wp-json\/wp\/v2\/product_tag?post=39848"}],"curies":[{"name":"wp","href":"https:\/\/api.w.org\/{rel}","templated":true}]}}