{"id":39846,"date":"2019-07-22T10:35:04","date_gmt":"2020-12-04T12:39:37","guid":{"rendered":"https:\/\/www.cavalin.it\/product\/grappa-gewuerztraminer-barrique-decanter\/"},"modified":"2020-12-04T13:40:04","modified_gmt":"2020-12-04T12:40:04","slug":"grappa-gewurztraminer-barrique-decanter","status":"publish","type":"product","link":"https:\/\/www.cavalin.it\/de\/produkt\/grappa-gewurztraminer-barrique-decanter\/","title":{"rendered":"Grappa Gew\u00fcrztraminer Barrique Decanter"},"content":{"rendered":"<p>40% volume<br \/>\n700ml<br \/>\nMassivholzkiste und nummeriertes Zertifikat enthalten.<\/p>\n","protected":false},"excerpt":{"rendered":"<p>Grappa di Gew\u00fcrztraminer Dekanter im Alter von 24 Monaten in Kirschholzf\u00e4ssern.<br \/>\nInklusive Massivholzkiste und Zertifikat mit Flaschennummer und Beschreibung.<\/p>\n","protected":false},"featured_media":39770,"template":"","meta":{"_acf_changed":false},"product_brand":[],"product_cat":[98],"product_tag":[],"class_list":{"0":"post-39846","1":"product","2":"type-product","3":"status-publish","4":"has-post-thumbnail","6":"product_cat-grappa-barrikaden","8":"first","9":"instock","10":"taxable","11":"shipping-taxable","12":"purchasable","13":"product-type-simple"},"acf":[],"yoast_head":"<!-- This site is optimized with the Yoast SEO plugin v27.3 - https:\/\/yoast.com\/product\/yoast-seo-wordpress\/ -->\n<title>Grappa Gew\u00fcrztraminer Barrique Decanter - Cavalin Distillerie<\/title>\n<meta name=\"robots\" content=\"index, follow, max-snippet:-1, max-image-preview:large, max-video-preview:-1\" \/>\n<link rel=\"canonical\" href=\"https:\/\/www.cavalin.it\/de\/produkt\/grappa-gewurztraminer-barrique-decanter\/\" \/>\n<meta property=\"og:locale\" content=\"de_DE\" \/>\n<meta property=\"og:type\" content=\"article\" \/>\n<meta property=\"og:title\" content=\"Grappa Gew\u00fcrztraminer Barrique Decanter - Cavalin Distillerie\" \/>\n<meta property=\"og:description\" content=\"Grappa di Gew\u00fcrztraminer Dekanter im Alter von 24 Monaten in Kirschholzf\u00e4ssern. Inklusive Massivholzkiste und Zertifikat mit Flaschennummer und Beschreibung.\" \/>\n<meta property=\"og:url\" content=\"https:\/\/www.cavalin.it\/de\/produkt\/grappa-gewurztraminer-barrique-decanter\/\" \/>\n<meta property=\"og:site_name\" content=\"Cavalin Distillerie\" \/>\n<meta property=\"article:modified_time\" content=\"2020-12-04T12:40:04+00:00\" \/>\n<meta property=\"og:image\" content=\"https:\/\/www.cavalin.it\/wp-content\/uploads\/2019\/07\/decantertra.jpg\" \/>\n\t<meta property=\"og:image:width\" content=\"595\" \/>\n\t<meta property=\"og:image:height\" content=\"842\" \/>\n\t<meta property=\"og:image:type\" content=\"image\/jpeg\" \/>\n<meta name=\"twitter:card\" content=\"summary_large_image\" \/>\n<script type=\"application\/ld+json\" class=\"yoast-schema-graph\">{\"@context\":\"https:\\\/\\\/schema.org\",\"@graph\":[{\"@type\":\"WebPage\",\"@id\":\"https:\\\/\\\/www.cavalin.it\\\/de\\\/produkt\\\/grappa-gewurztraminer-barrique-decanter\\\/\",\"url\":\"https:\\\/\\\/www.cavalin.it\\\/de\\\/produkt\\\/grappa-gewurztraminer-barrique-decanter\\\/\",\"name\":\"Grappa Gew\u00fcrztraminer Barrique Decanter - Cavalin Distillerie\",\"isPartOf\":{\"@id\":\"https:\\\/\\\/www.cavalin.it\\\/#website\"},\"primaryImageOfPage\":{\"@id\":\"https:\\\/\\\/www.cavalin.it\\\/de\\\/produkt\\\/grappa-gewurztraminer-barrique-decanter\\\/#primaryimage\"},\"image\":{\"@id\":\"https:\\\/\\\/www.cavalin.it\\\/de\\\/produkt\\\/grappa-gewurztraminer-barrique-decanter\\\/#primaryimage\"},\"thumbnailUrl\":\"https:\\\/\\\/www.cavalin.it\\\/wp-content\\\/uploads\\\/2019\\\/07\\\/decantertra.jpg\",\"datePublished\":\"2020-12-04T12:39:37+00:00\",\"dateModified\":\"2020-12-04T12:40:04+00:00\",\"breadcrumb\":{\"@id\":\"https:\\\/\\\/www.cavalin.it\\\/de\\\/produkt\\\/grappa-gewurztraminer-barrique-decanter\\\/#breadcrumb\"},\"inLanguage\":\"de\",\"potentialAction\":[{\"@type\":\"ReadAction\",\"target\":[\"https:\\\/\\\/www.cavalin.it\\\/de\\\/produkt\\\/grappa-gewurztraminer-barrique-decanter\\\/\"]}]},{\"@type\":\"ImageObject\",\"inLanguage\":\"de\",\"@id\":\"https:\\\/\\\/www.cavalin.it\\\/de\\\/produkt\\\/grappa-gewurztraminer-barrique-decanter\\\/#primaryimage\",\"url\":\"https:\\\/\\\/www.cavalin.it\\\/wp-content\\\/uploads\\\/2019\\\/07\\\/decantertra.jpg\",\"contentUrl\":\"https:\\\/\\\/www.cavalin.it\\\/wp-content\\\/uploads\\\/2019\\\/07\\\/decantertra.jpg\",\"width\":595,\"height\":842},{\"@type\":\"BreadcrumbList\",\"@id\":\"https:\\\/\\\/www.cavalin.it\\\/de\\\/produkt\\\/grappa-gewurztraminer-barrique-decanter\\\/#breadcrumb\",\"itemListElement\":[{\"@type\":\"ListItem\",\"position\":1,\"name\":\"Home\",\"item\":\"https:\\\/\\\/www.cavalin.it\\\/de\\\/\"},{\"@type\":\"ListItem\",\"position\":2,\"name\":\"Shop\",\"item\":\"https:\\\/\\\/www.cavalin.it\\\/negozio\\\/\"},{\"@type\":\"ListItem\",\"position\":3,\"name\":\"Grappa Gew\u00fcrztraminer Barrique Decanter\"}]},{\"@type\":\"WebSite\",\"@id\":\"https:\\\/\\\/www.cavalin.it\\\/#website\",\"url\":\"https:\\\/\\\/www.cavalin.it\\\/\",\"name\":\"Cavalin Distillerie\",\"description\":\"Produttori Grappa e Distillati\",\"publisher\":{\"@id\":\"https:\\\/\\\/www.cavalin.it\\\/#organization\"},\"potentialAction\":[{\"@type\":\"SearchAction\",\"target\":{\"@type\":\"EntryPoint\",\"urlTemplate\":\"https:\\\/\\\/www.cavalin.it\\\/?s={search_term_string}\"},\"query-input\":{\"@type\":\"PropertyValueSpecification\",\"valueRequired\":true,\"valueName\":\"search_term_string\"}}],\"inLanguage\":\"de\"},{\"@type\":\"Organization\",\"@id\":\"https:\\\/\\\/www.cavalin.it\\\/#organization\",\"name\":\"Cavalin Distillerie\",\"url\":\"https:\\\/\\\/www.cavalin.it\\\/\",\"logo\":{\"@type\":\"ImageObject\",\"inLanguage\":\"de\",\"@id\":\"https:\\\/\\\/www.cavalin.it\\\/#\\\/schema\\\/logo\\\/image\\\/\",\"url\":\"https:\\\/\\\/www.cavalin.it\\\/wp-content\\\/uploads\\\/2018\\\/06\\\/logo-cavalin.png\",\"contentUrl\":\"https:\\\/\\\/www.cavalin.it\\\/wp-content\\\/uploads\\\/2018\\\/06\\\/logo-cavalin.png\",\"width\":300,\"height\":179,\"caption\":\"Cavalin Distillerie\"},\"image\":{\"@id\":\"https:\\\/\\\/www.cavalin.it\\\/#\\\/schema\\\/logo\\\/image\\\/\"}}]}<\/script>\n<!-- \/ Yoast SEO plugin. -->","yoast_head_json":{"title":"Grappa Gew\u00fcrztraminer Barrique Decanter - Cavalin Distillerie","robots":{"index":"index","follow":"follow","max-snippet":"max-snippet:-1","max-image-preview":"max-image-preview:large","max-video-preview":"max-video-preview:-1"},"canonical":"https:\/\/www.cavalin.it\/de\/produkt\/grappa-gewurztraminer-barrique-decanter\/","og_locale":"de_DE","og_type":"article","og_title":"Grappa Gew\u00fcrztraminer Barrique Decanter - Cavalin Distillerie","og_description":"Grappa di Gew\u00fcrztraminer Dekanter im Alter von 24 Monaten in Kirschholzf\u00e4ssern. Inklusive Massivholzkiste und Zertifikat mit Flaschennummer und Beschreibung.","og_url":"https:\/\/www.cavalin.it\/de\/produkt\/grappa-gewurztraminer-barrique-decanter\/","og_site_name":"Cavalin Distillerie","article_modified_time":"2020-12-04T12:40:04+00:00","og_image":[{"width":595,"height":842,"url":"https:\/\/www.cavalin.it\/wp-content\/uploads\/2019\/07\/decantertra.jpg","type":"image\/jpeg"}],"twitter_card":"summary_large_image","schema":{"@context":"https:\/\/schema.org","@graph":[{"@type":"WebPage","@id":"https:\/\/www.cavalin.it\/de\/produkt\/grappa-gewurztraminer-barrique-decanter\/","url":"https:\/\/www.cavalin.it\/de\/produkt\/grappa-gewurztraminer-barrique-decanter\/","name":"Grappa Gew\u00fcrztraminer Barrique Decanter - Cavalin Distillerie","isPartOf":{"@id":"https:\/\/www.cavalin.it\/#website"},"primaryImageOfPage":{"@id":"https:\/\/www.cavalin.it\/de\/produkt\/grappa-gewurztraminer-barrique-decanter\/#primaryimage"},"image":{"@id":"https:\/\/www.cavalin.it\/de\/produkt\/grappa-gewurztraminer-barrique-decanter\/#primaryimage"},"thumbnailUrl":"https:\/\/www.cavalin.it\/wp-content\/uploads\/2019\/07\/decantertra.jpg","datePublished":"2020-12-04T12:39:37+00:00","dateModified":"2020-12-04T12:40:04+00:00","breadcrumb":{"@id":"https:\/\/www.cavalin.it\/de\/produkt\/grappa-gewurztraminer-barrique-decanter\/#breadcrumb"},"inLanguage":"de","potentialAction":[{"@type":"ReadAction","target":["https:\/\/www.cavalin.it\/de\/produkt\/grappa-gewurztraminer-barrique-decanter\/"]}]},{"@type":"ImageObject","inLanguage":"de","@id":"https:\/\/www.cavalin.it\/de\/produkt\/grappa-gewurztraminer-barrique-decanter\/#primaryimage","url":"https:\/\/www.cavalin.it\/wp-content\/uploads\/2019\/07\/decantertra.jpg","contentUrl":"https:\/\/www.cavalin.it\/wp-content\/uploads\/2019\/07\/decantertra.jpg","width":595,"height":842},{"@type":"BreadcrumbList","@id":"https:\/\/www.cavalin.it\/de\/produkt\/grappa-gewurztraminer-barrique-decanter\/#breadcrumb","itemListElement":[{"@type":"ListItem","position":1,"name":"Home","item":"https:\/\/www.cavalin.it\/de\/"},{"@type":"ListItem","position":2,"name":"Shop","item":"https:\/\/www.cavalin.it\/negozio\/"},{"@type":"ListItem","position":3,"name":"Grappa Gew\u00fcrztraminer Barrique Decanter"}]},{"@type":"WebSite","@id":"https:\/\/www.cavalin.it\/#website","url":"https:\/\/www.cavalin.it\/","name":"Cavalin Distillerie","description":"Produttori Grappa e Distillati","publisher":{"@id":"https:\/\/www.cavalin.it\/#organization"},"potentialAction":[{"@type":"SearchAction","target":{"@type":"EntryPoint","urlTemplate":"https:\/\/www.cavalin.it\/?s={search_term_string}"},"query-input":{"@type":"PropertyValueSpecification","valueRequired":true,"valueName":"search_term_string"}}],"inLanguage":"de"},{"@type":"Organization","@id":"https:\/\/www.cavalin.it\/#organization","name":"Cavalin Distillerie","url":"https:\/\/www.cavalin.it\/","logo":{"@type":"ImageObject","inLanguage":"de","@id":"https:\/\/www.cavalin.it\/#\/schema\/logo\/image\/","url":"https:\/\/www.cavalin.it\/wp-content\/uploads\/2018\/06\/logo-cavalin.png","contentUrl":"https:\/\/www.cavalin.it\/wp-content\/uploads\/2018\/06\/logo-cavalin.png","width":300,"height":179,"caption":"Cavalin Distillerie"},"image":{"@id":"https:\/\/www.cavalin.it\/#\/schema\/logo\/image\/"}}]}},"_links":{"self":[{"href":"https:\/\/www.cavalin.it\/de\/wp-json\/wp\/v2\/product\/39846","targetHints":{"allow":["GET"]}}],"collection":[{"href":"https:\/\/www.cavalin.it\/de\/wp-json\/wp\/v2\/product"}],"about":[{"href":"https:\/\/www.cavalin.it\/de\/wp-json\/wp\/v2\/types\/product"}],"wp:featuredmedia":[{"embeddable":true,"href":"https:\/\/www.cavalin.it\/de\/wp-json\/wp\/v2\/media\/39770"}],"wp:attachment":[{"href":"https:\/\/www.cavalin.it\/de\/wp-json\/wp\/v2\/media?parent=39846"}],"wp:term":[{"taxonomy":"product_brand","embeddable":true,"href":"https:\/\/www.cavalin.it\/de\/wp-json\/wp\/v2\/product_brand?post=39846"},{"taxonomy":"product_cat","embeddable":true,"href":"https:\/\/www.cavalin.it\/de\/wp-json\/wp\/v2\/product_cat?post=39846"},{"taxonomy":"product_tag","embeddable":true,"href":"https:\/\/www.cavalin.it\/de\/wp-json\/wp\/v2\/product_tag?post=39846"}],"curies":[{"name":"wp","href":"https:\/\/api.w.org\/{rel}","templated":true}]}}