{"id":19397,"date":"2018-06-25T09:28:53","date_gmt":"2018-06-25T07:28:54","guid":{"rendered":"https:\/\/www.cavalin.it\/?post_type=product&#038;p=19397"},"modified":"2018-06-25T09:36:07","modified_gmt":"2018-06-25T07:36:07","slug":"50-grappa-reserve-9-jahre","status":"publish","type":"product","link":"https:\/\/www.cavalin.it\/de\/produkt\/50-grappa-reserve-9-jahre\/","title":{"rendered":"50\u00b0 Grappa Reserve 9 Jahre"},"content":{"rendered":"<p>Grappa Riserva 50 \u00b0 Gran Cavalin wird mit dem Trester der Trauben im Veneto erhalten, fachm\u00e4nnisch von unserem Master Distiller in kleinen Kupferkesseln destilliert, Grappa, um eine vollst\u00e4ndige Abschluss zu erhalten (etwa 76 Grad), dessen Reifung in gro\u00dfen F\u00e4ssern, l\u00e4uft von 20\/01\/1998. Sp\u00e4ter erh\u00f6ht auf 50 Grad<\/p>\n","protected":false},"excerpt":{"rendered":"<p>Alterung: 9 Jahre in Eichenf\u00e4ssern Franz\u00f6sisch von Limousine<br \/>Farbe: Bernstein<br \/>Bouquet: intensiv mit Noten von Trockenfr\u00fcchten und Vanille<br \/>Geschmack: weich und rund<br \/>Gr\u00f6\u00dfe: 0,500 l<br \/>Alkohol: 50% vol.<br \/>Art der Grappa Grappa in Holzf\u00e4ssern<br \/>Verfahren der Destillation: der Trester wird mit Dampf diskontinuierlichen Verfahren in kleinen Kupferkesseln destilliert.<\/p>\n","protected":false},"featured_media":18751,"template":"","meta":{"_acf_changed":false},"product_brand":[],"product_cat":[15],"product_tag":[],"class_list":{"0":"post-19397","1":"product","2":"type-product","3":"status-publish","4":"has-post-thumbnail","6":"product_cat-grappe-riserva","8":"first","9":"instock","10":"taxable","11":"shipping-taxable","12":"purchasable","13":"product-type-simple"},"acf":[],"yoast_head":"<!-- This site is optimized with the Yoast SEO plugin v27.3 - https:\/\/yoast.com\/product\/yoast-seo-wordpress\/ -->\n<title>50\u00b0 Grappa Reserve 9 Jahre - Cavalin Distillerie<\/title>\n<meta name=\"robots\" content=\"index, follow, max-snippet:-1, max-image-preview:large, max-video-preview:-1\" \/>\n<link rel=\"canonical\" href=\"https:\/\/www.cavalin.it\/de\/produkt\/50-grappa-reserve-9-jahre\/\" \/>\n<meta property=\"og:locale\" content=\"de_DE\" \/>\n<meta property=\"og:type\" content=\"article\" \/>\n<meta property=\"og:title\" content=\"50\u00b0 Grappa Reserve 9 Jahre - Cavalin Distillerie\" \/>\n<meta property=\"og:description\" content=\"Alterung: 9 Jahre in Eichenf\u00e4ssern Franz\u00f6sisch von LimousineFarbe: BernsteinBouquet: intensiv mit Noten von Trockenfr\u00fcchten und VanilleGeschmack: weich und rundGr\u00f6\u00dfe: 0,500 lAlkohol: 50% vol.Art der Grappa Grappa in Holzf\u00e4ssernVerfahren der Destillation: der Trester wird mit Dampf diskontinuierlichen Verfahren in kleinen Kupferkesseln destilliert.\" \/>\n<meta property=\"og:url\" content=\"https:\/\/www.cavalin.it\/de\/produkt\/50-grappa-reserve-9-jahre\/\" \/>\n<meta property=\"og:site_name\" content=\"Cavalin Distillerie\" \/>\n<meta property=\"article:modified_time\" content=\"2018-06-25T07:36:07+00:00\" \/>\n<meta property=\"og:image\" content=\"https:\/\/www.cavalin.it\/wp-content\/uploads\/2014\/05\/50-riserva-9-anni-1.jpg\" \/>\n\t<meta property=\"og:image:width\" content=\"467\" \/>\n\t<meta property=\"og:image:height\" content=\"700\" \/>\n\t<meta property=\"og:image:type\" content=\"image\/jpeg\" \/>\n<meta name=\"twitter:card\" content=\"summary_large_image\" \/>\n<script type=\"application\/ld+json\" class=\"yoast-schema-graph\">{\"@context\":\"https:\\\/\\\/schema.org\",\"@graph\":[{\"@type\":\"WebPage\",\"@id\":\"https:\\\/\\\/www.cavalin.it\\\/de\\\/produkt\\\/50-grappa-reserve-9-jahre\\\/\",\"url\":\"https:\\\/\\\/www.cavalin.it\\\/de\\\/produkt\\\/50-grappa-reserve-9-jahre\\\/\",\"name\":\"50\u00b0 Grappa Reserve 9 Jahre - Cavalin Distillerie\",\"isPartOf\":{\"@id\":\"https:\\\/\\\/www.cavalin.it\\\/#website\"},\"primaryImageOfPage\":{\"@id\":\"https:\\\/\\\/www.cavalin.it\\\/de\\\/produkt\\\/50-grappa-reserve-9-jahre\\\/#primaryimage\"},\"image\":{\"@id\":\"https:\\\/\\\/www.cavalin.it\\\/de\\\/produkt\\\/50-grappa-reserve-9-jahre\\\/#primaryimage\"},\"thumbnailUrl\":\"https:\\\/\\\/www.cavalin.it\\\/wp-content\\\/uploads\\\/2014\\\/05\\\/50-riserva-9-anni-1.jpg\",\"datePublished\":\"2018-06-25T07:28:54+00:00\",\"dateModified\":\"2018-06-25T07:36:07+00:00\",\"breadcrumb\":{\"@id\":\"https:\\\/\\\/www.cavalin.it\\\/de\\\/produkt\\\/50-grappa-reserve-9-jahre\\\/#breadcrumb\"},\"inLanguage\":\"de\",\"potentialAction\":[{\"@type\":\"ReadAction\",\"target\":[\"https:\\\/\\\/www.cavalin.it\\\/de\\\/produkt\\\/50-grappa-reserve-9-jahre\\\/\"]}]},{\"@type\":\"ImageObject\",\"inLanguage\":\"de\",\"@id\":\"https:\\\/\\\/www.cavalin.it\\\/de\\\/produkt\\\/50-grappa-reserve-9-jahre\\\/#primaryimage\",\"url\":\"https:\\\/\\\/www.cavalin.it\\\/wp-content\\\/uploads\\\/2014\\\/05\\\/50-riserva-9-anni-1.jpg\",\"contentUrl\":\"https:\\\/\\\/www.cavalin.it\\\/wp-content\\\/uploads\\\/2014\\\/05\\\/50-riserva-9-anni-1.jpg\",\"width\":467,\"height\":700,\"caption\":\"50\u00b0 Grappa Reserve 9 Jahre\"},{\"@type\":\"BreadcrumbList\",\"@id\":\"https:\\\/\\\/www.cavalin.it\\\/de\\\/produkt\\\/50-grappa-reserve-9-jahre\\\/#breadcrumb\",\"itemListElement\":[{\"@type\":\"ListItem\",\"position\":1,\"name\":\"Home\",\"item\":\"https:\\\/\\\/www.cavalin.it\\\/de\\\/\"},{\"@type\":\"ListItem\",\"position\":2,\"name\":\"Shop\",\"item\":\"https:\\\/\\\/www.cavalin.it\\\/negozio\\\/\"},{\"@type\":\"ListItem\",\"position\":3,\"name\":\"50\u00b0 Grappa Reserve 9 Jahre\"}]},{\"@type\":\"WebSite\",\"@id\":\"https:\\\/\\\/www.cavalin.it\\\/#website\",\"url\":\"https:\\\/\\\/www.cavalin.it\\\/\",\"name\":\"Cavalin Distillerie\",\"description\":\"Produttori Grappa e Distillati\",\"publisher\":{\"@id\":\"https:\\\/\\\/www.cavalin.it\\\/#organization\"},\"potentialAction\":[{\"@type\":\"SearchAction\",\"target\":{\"@type\":\"EntryPoint\",\"urlTemplate\":\"https:\\\/\\\/www.cavalin.it\\\/?s={search_term_string}\"},\"query-input\":{\"@type\":\"PropertyValueSpecification\",\"valueRequired\":true,\"valueName\":\"search_term_string\"}}],\"inLanguage\":\"de\"},{\"@type\":\"Organization\",\"@id\":\"https:\\\/\\\/www.cavalin.it\\\/#organization\",\"name\":\"Cavalin Distillerie\",\"url\":\"https:\\\/\\\/www.cavalin.it\\\/\",\"logo\":{\"@type\":\"ImageObject\",\"inLanguage\":\"de\",\"@id\":\"https:\\\/\\\/www.cavalin.it\\\/#\\\/schema\\\/logo\\\/image\\\/\",\"url\":\"https:\\\/\\\/www.cavalin.it\\\/wp-content\\\/uploads\\\/2018\\\/06\\\/logo-cavalin.png\",\"contentUrl\":\"https:\\\/\\\/www.cavalin.it\\\/wp-content\\\/uploads\\\/2018\\\/06\\\/logo-cavalin.png\",\"width\":300,\"height\":179,\"caption\":\"Cavalin Distillerie\"},\"image\":{\"@id\":\"https:\\\/\\\/www.cavalin.it\\\/#\\\/schema\\\/logo\\\/image\\\/\"}}]}<\/script>\n<!-- \/ Yoast SEO plugin. -->","yoast_head_json":{"title":"50\u00b0 Grappa Reserve 9 Jahre - Cavalin Distillerie","robots":{"index":"index","follow":"follow","max-snippet":"max-snippet:-1","max-image-preview":"max-image-preview:large","max-video-preview":"max-video-preview:-1"},"canonical":"https:\/\/www.cavalin.it\/de\/produkt\/50-grappa-reserve-9-jahre\/","og_locale":"de_DE","og_type":"article","og_title":"50\u00b0 Grappa Reserve 9 Jahre - Cavalin Distillerie","og_description":"Alterung: 9 Jahre in Eichenf\u00e4ssern Franz\u00f6sisch von LimousineFarbe: BernsteinBouquet: intensiv mit Noten von Trockenfr\u00fcchten und VanilleGeschmack: weich und rundGr\u00f6\u00dfe: 0,500 lAlkohol: 50% vol.Art der Grappa Grappa in Holzf\u00e4ssernVerfahren der Destillation: der Trester wird mit Dampf diskontinuierlichen Verfahren in kleinen Kupferkesseln destilliert.","og_url":"https:\/\/www.cavalin.it\/de\/produkt\/50-grappa-reserve-9-jahre\/","og_site_name":"Cavalin Distillerie","article_modified_time":"2018-06-25T07:36:07+00:00","og_image":[{"width":467,"height":700,"url":"https:\/\/www.cavalin.it\/wp-content\/uploads\/2014\/05\/50-riserva-9-anni-1.jpg","type":"image\/jpeg"}],"twitter_card":"summary_large_image","schema":{"@context":"https:\/\/schema.org","@graph":[{"@type":"WebPage","@id":"https:\/\/www.cavalin.it\/de\/produkt\/50-grappa-reserve-9-jahre\/","url":"https:\/\/www.cavalin.it\/de\/produkt\/50-grappa-reserve-9-jahre\/","name":"50\u00b0 Grappa Reserve 9 Jahre - Cavalin Distillerie","isPartOf":{"@id":"https:\/\/www.cavalin.it\/#website"},"primaryImageOfPage":{"@id":"https:\/\/www.cavalin.it\/de\/produkt\/50-grappa-reserve-9-jahre\/#primaryimage"},"image":{"@id":"https:\/\/www.cavalin.it\/de\/produkt\/50-grappa-reserve-9-jahre\/#primaryimage"},"thumbnailUrl":"https:\/\/www.cavalin.it\/wp-content\/uploads\/2014\/05\/50-riserva-9-anni-1.jpg","datePublished":"2018-06-25T07:28:54+00:00","dateModified":"2018-06-25T07:36:07+00:00","breadcrumb":{"@id":"https:\/\/www.cavalin.it\/de\/produkt\/50-grappa-reserve-9-jahre\/#breadcrumb"},"inLanguage":"de","potentialAction":[{"@type":"ReadAction","target":["https:\/\/www.cavalin.it\/de\/produkt\/50-grappa-reserve-9-jahre\/"]}]},{"@type":"ImageObject","inLanguage":"de","@id":"https:\/\/www.cavalin.it\/de\/produkt\/50-grappa-reserve-9-jahre\/#primaryimage","url":"https:\/\/www.cavalin.it\/wp-content\/uploads\/2014\/05\/50-riserva-9-anni-1.jpg","contentUrl":"https:\/\/www.cavalin.it\/wp-content\/uploads\/2014\/05\/50-riserva-9-anni-1.jpg","width":467,"height":700,"caption":"50\u00b0 Grappa Reserve 9 Jahre"},{"@type":"BreadcrumbList","@id":"https:\/\/www.cavalin.it\/de\/produkt\/50-grappa-reserve-9-jahre\/#breadcrumb","itemListElement":[{"@type":"ListItem","position":1,"name":"Home","item":"https:\/\/www.cavalin.it\/de\/"},{"@type":"ListItem","position":2,"name":"Shop","item":"https:\/\/www.cavalin.it\/negozio\/"},{"@type":"ListItem","position":3,"name":"50\u00b0 Grappa Reserve 9 Jahre"}]},{"@type":"WebSite","@id":"https:\/\/www.cavalin.it\/#website","url":"https:\/\/www.cavalin.it\/","name":"Cavalin Distillerie","description":"Produttori Grappa e Distillati","publisher":{"@id":"https:\/\/www.cavalin.it\/#organization"},"potentialAction":[{"@type":"SearchAction","target":{"@type":"EntryPoint","urlTemplate":"https:\/\/www.cavalin.it\/?s={search_term_string}"},"query-input":{"@type":"PropertyValueSpecification","valueRequired":true,"valueName":"search_term_string"}}],"inLanguage":"de"},{"@type":"Organization","@id":"https:\/\/www.cavalin.it\/#organization","name":"Cavalin Distillerie","url":"https:\/\/www.cavalin.it\/","logo":{"@type":"ImageObject","inLanguage":"de","@id":"https:\/\/www.cavalin.it\/#\/schema\/logo\/image\/","url":"https:\/\/www.cavalin.it\/wp-content\/uploads\/2018\/06\/logo-cavalin.png","contentUrl":"https:\/\/www.cavalin.it\/wp-content\/uploads\/2018\/06\/logo-cavalin.png","width":300,"height":179,"caption":"Cavalin Distillerie"},"image":{"@id":"https:\/\/www.cavalin.it\/#\/schema\/logo\/image\/"}}]}},"_links":{"self":[{"href":"https:\/\/www.cavalin.it\/de\/wp-json\/wp\/v2\/product\/19397","targetHints":{"allow":["GET"]}}],"collection":[{"href":"https:\/\/www.cavalin.it\/de\/wp-json\/wp\/v2\/product"}],"about":[{"href":"https:\/\/www.cavalin.it\/de\/wp-json\/wp\/v2\/types\/product"}],"wp:featuredmedia":[{"embeddable":true,"href":"https:\/\/www.cavalin.it\/de\/wp-json\/wp\/v2\/media\/18751"}],"wp:attachment":[{"href":"https:\/\/www.cavalin.it\/de\/wp-json\/wp\/v2\/media?parent=19397"}],"wp:term":[{"taxonomy":"product_brand","embeddable":true,"href":"https:\/\/www.cavalin.it\/de\/wp-json\/wp\/v2\/product_brand?post=19397"},{"taxonomy":"product_cat","embeddable":true,"href":"https:\/\/www.cavalin.it\/de\/wp-json\/wp\/v2\/product_cat?post=19397"},{"taxonomy":"product_tag","embeddable":true,"href":"https:\/\/www.cavalin.it\/de\/wp-json\/wp\/v2\/product_tag?post=19397"}],"curies":[{"name":"wp","href":"https:\/\/api.w.org\/{rel}","templated":true}]}}