{"id":19391,"date":"2014-07-21T15:29:50","date_gmt":"2014-07-21T13:29:50","guid":{"rendered":"https:\/\/www.cavalin.it\/product\/mavie-barrique-rovere\/"},"modified":"2019-05-28T19:16:04","modified_gmt":"2019-05-28T17:16:04","slug":"mavie-barrique-rovere","status":"publish","type":"product","link":"https:\/\/www.cavalin.it\/de\/produkt\/mavie-barrique-rovere\/","title":{"rendered":"MaVIE Barrique Rovere"},"content":{"rendered":"<p>Farbe: Bernstein<br \/>\nBouquet: intensiv, mit zarten Ankl\u00e4ngen von Gew\u00fcrzen<br \/>\nGeschmack: reif und elegant<br \/>\nGr\u00f6\u00dfe: 0,700 l (Artikel mit Fall verf\u00fcgbar)<br \/>\nAlkohol: 40% vol.<br \/>\nArt der Grappa Grappa in Holzf\u00e4ssern<br \/>\nTrauben: sorgf\u00e4ltige Auswahl der roten Trauben<br \/>\nVielfalt: rote Beere.<br \/>\nHerkunft der Trester: Veneto<\/p>\n<p><strong>Destillationsverfahren:<\/strong>\u00a0Der Trester wird mit Dampf Verfahren mit diskontinuierlicher Pflanze in einem Wasserbad abdestilliert.<\/p>\n","protected":false},"excerpt":{"rendered":"<p>Farbe: Bernstein Bouquet: intensiv, mit zarten Ankl\u00e4ngen von Gew\u00fcrzen Geschmack: reif und elegant Gr\u00f6\u00dfe: 0,700 l (Artikel mit Fall verf\u00fcgbar) Alkohol: 40% vol. Art der Grappa Grappa in Holzf\u00e4ssern Trauben: sorgf\u00e4ltige Auswahl der roten Trauben Vielfalt: rote Beere. Herkunft der Trester: Veneto Destillationsverfahren:\u00a0Der Trester wird mit Dampf Verfahren mit diskontinuierlicher Pflanze in einem Wasserbad abdestilliert.<\/p>\n","protected":false},"featured_media":18393,"template":"","meta":{"_acf_changed":false},"product_brand":[],"product_cat":[100],"product_tag":[],"class_list":{"0":"post-19391","1":"product","2":"type-product","3":"status-publish","4":"has-post-thumbnail","6":"product_cat-grappa-mavie","8":"first","9":"instock","10":"taxable","11":"shipping-taxable","12":"purchasable","13":"product-type-variable"},"acf":[],"yoast_head":"<!-- This site is optimized with the Yoast SEO plugin v27.3 - https:\/\/yoast.com\/product\/yoast-seo-wordpress\/ -->\n<title>MaVIE Barrique Rovere - Cavalin Distillerie<\/title>\n<meta name=\"robots\" content=\"index, follow, max-snippet:-1, max-image-preview:large, max-video-preview:-1\" \/>\n<link rel=\"canonical\" href=\"https:\/\/www.cavalin.it\/de\/produkt\/mavie-barrique-rovere\/\" \/>\n<meta property=\"og:locale\" content=\"de_DE\" \/>\n<meta property=\"og:type\" content=\"article\" \/>\n<meta property=\"og:title\" content=\"MaVIE Barrique Rovere - Cavalin Distillerie\" \/>\n<meta property=\"og:description\" content=\"Farbe: Bernstein Bouquet: intensiv, mit zarten Ankl\u00e4ngen von Gew\u00fcrzen Geschmack: reif und elegant Gr\u00f6\u00dfe: 0,700 l (Artikel mit Fall verf\u00fcgbar) Alkohol: 40% vol. Art der Grappa Grappa in Holzf\u00e4ssern Trauben: sorgf\u00e4ltige Auswahl der roten Trauben Vielfalt: rote Beere. Herkunft der Trester: Veneto Destillationsverfahren:\u00a0Der Trester wird mit Dampf Verfahren mit diskontinuierlicher Pflanze in einem Wasserbad abdestilliert.\" \/>\n<meta property=\"og:url\" content=\"https:\/\/www.cavalin.it\/de\/produkt\/mavie-barrique-rovere\/\" \/>\n<meta property=\"og:site_name\" content=\"Cavalin Distillerie\" \/>\n<meta property=\"article:modified_time\" content=\"2019-05-28T17:16:04+00:00\" \/>\n<meta property=\"og:image\" content=\"https:\/\/www.cavalin.it\/wp-content\/uploads\/2018\/06\/Mavie_Rovere.jpg\" \/>\n\t<meta property=\"og:image:width\" content=\"467\" \/>\n\t<meta property=\"og:image:height\" content=\"700\" \/>\n\t<meta property=\"og:image:type\" content=\"image\/jpeg\" \/>\n<meta name=\"twitter:card\" content=\"summary_large_image\" \/>\n<script type=\"application\/ld+json\" class=\"yoast-schema-graph\">{\"@context\":\"https:\\\/\\\/schema.org\",\"@graph\":[{\"@type\":\"WebPage\",\"@id\":\"https:\\\/\\\/www.cavalin.it\\\/de\\\/produkt\\\/mavie-barrique-rovere\\\/\",\"url\":\"https:\\\/\\\/www.cavalin.it\\\/de\\\/produkt\\\/mavie-barrique-rovere\\\/\",\"name\":\"MaVIE Barrique Rovere - Cavalin Distillerie\",\"isPartOf\":{\"@id\":\"https:\\\/\\\/www.cavalin.it\\\/#website\"},\"primaryImageOfPage\":{\"@id\":\"https:\\\/\\\/www.cavalin.it\\\/de\\\/produkt\\\/mavie-barrique-rovere\\\/#primaryimage\"},\"image\":{\"@id\":\"https:\\\/\\\/www.cavalin.it\\\/de\\\/produkt\\\/mavie-barrique-rovere\\\/#primaryimage\"},\"thumbnailUrl\":\"https:\\\/\\\/www.cavalin.it\\\/wp-content\\\/uploads\\\/2018\\\/06\\\/Mavie_Rovere.jpg\",\"datePublished\":\"2014-07-21T13:29:50+00:00\",\"dateModified\":\"2019-05-28T17:16:04+00:00\",\"breadcrumb\":{\"@id\":\"https:\\\/\\\/www.cavalin.it\\\/de\\\/produkt\\\/mavie-barrique-rovere\\\/#breadcrumb\"},\"inLanguage\":\"de\",\"potentialAction\":[{\"@type\":\"ReadAction\",\"target\":[\"https:\\\/\\\/www.cavalin.it\\\/de\\\/produkt\\\/mavie-barrique-rovere\\\/\"]}]},{\"@type\":\"ImageObject\",\"inLanguage\":\"de\",\"@id\":\"https:\\\/\\\/www.cavalin.it\\\/de\\\/produkt\\\/mavie-barrique-rovere\\\/#primaryimage\",\"url\":\"https:\\\/\\\/www.cavalin.it\\\/wp-content\\\/uploads\\\/2018\\\/06\\\/Mavie_Rovere.jpg\",\"contentUrl\":\"https:\\\/\\\/www.cavalin.it\\\/wp-content\\\/uploads\\\/2018\\\/06\\\/Mavie_Rovere.jpg\",\"width\":467,\"height\":700},{\"@type\":\"BreadcrumbList\",\"@id\":\"https:\\\/\\\/www.cavalin.it\\\/de\\\/produkt\\\/mavie-barrique-rovere\\\/#breadcrumb\",\"itemListElement\":[{\"@type\":\"ListItem\",\"position\":1,\"name\":\"Home\",\"item\":\"https:\\\/\\\/www.cavalin.it\\\/de\\\/\"},{\"@type\":\"ListItem\",\"position\":2,\"name\":\"Shop\",\"item\":\"https:\\\/\\\/www.cavalin.it\\\/negozio\\\/\"},{\"@type\":\"ListItem\",\"position\":3,\"name\":\"MaVIE Barrique Rovere\"}]},{\"@type\":\"WebSite\",\"@id\":\"https:\\\/\\\/www.cavalin.it\\\/#website\",\"url\":\"https:\\\/\\\/www.cavalin.it\\\/\",\"name\":\"Cavalin Distillerie\",\"description\":\"Produttori Grappa e Distillati\",\"publisher\":{\"@id\":\"https:\\\/\\\/www.cavalin.it\\\/#organization\"},\"potentialAction\":[{\"@type\":\"SearchAction\",\"target\":{\"@type\":\"EntryPoint\",\"urlTemplate\":\"https:\\\/\\\/www.cavalin.it\\\/?s={search_term_string}\"},\"query-input\":{\"@type\":\"PropertyValueSpecification\",\"valueRequired\":true,\"valueName\":\"search_term_string\"}}],\"inLanguage\":\"de\"},{\"@type\":\"Organization\",\"@id\":\"https:\\\/\\\/www.cavalin.it\\\/#organization\",\"name\":\"Cavalin Distillerie\",\"url\":\"https:\\\/\\\/www.cavalin.it\\\/\",\"logo\":{\"@type\":\"ImageObject\",\"inLanguage\":\"de\",\"@id\":\"https:\\\/\\\/www.cavalin.it\\\/#\\\/schema\\\/logo\\\/image\\\/\",\"url\":\"https:\\\/\\\/www.cavalin.it\\\/wp-content\\\/uploads\\\/2018\\\/06\\\/logo-cavalin.png\",\"contentUrl\":\"https:\\\/\\\/www.cavalin.it\\\/wp-content\\\/uploads\\\/2018\\\/06\\\/logo-cavalin.png\",\"width\":300,\"height\":179,\"caption\":\"Cavalin Distillerie\"},\"image\":{\"@id\":\"https:\\\/\\\/www.cavalin.it\\\/#\\\/schema\\\/logo\\\/image\\\/\"}}]}<\/script>\n<!-- \/ Yoast SEO plugin. -->","yoast_head_json":{"title":"MaVIE Barrique Rovere - Cavalin Distillerie","robots":{"index":"index","follow":"follow","max-snippet":"max-snippet:-1","max-image-preview":"max-image-preview:large","max-video-preview":"max-video-preview:-1"},"canonical":"https:\/\/www.cavalin.it\/de\/produkt\/mavie-barrique-rovere\/","og_locale":"de_DE","og_type":"article","og_title":"MaVIE Barrique Rovere - Cavalin Distillerie","og_description":"Farbe: Bernstein Bouquet: intensiv, mit zarten Ankl\u00e4ngen von Gew\u00fcrzen Geschmack: reif und elegant Gr\u00f6\u00dfe: 0,700 l (Artikel mit Fall verf\u00fcgbar) Alkohol: 40% vol. Art der Grappa Grappa in Holzf\u00e4ssern Trauben: sorgf\u00e4ltige Auswahl der roten Trauben Vielfalt: rote Beere. Herkunft der Trester: Veneto Destillationsverfahren:\u00a0Der Trester wird mit Dampf Verfahren mit diskontinuierlicher Pflanze in einem Wasserbad abdestilliert.","og_url":"https:\/\/www.cavalin.it\/de\/produkt\/mavie-barrique-rovere\/","og_site_name":"Cavalin Distillerie","article_modified_time":"2019-05-28T17:16:04+00:00","og_image":[{"width":467,"height":700,"url":"https:\/\/www.cavalin.it\/wp-content\/uploads\/2018\/06\/Mavie_Rovere.jpg","type":"image\/jpeg"}],"twitter_card":"summary_large_image","schema":{"@context":"https:\/\/schema.org","@graph":[{"@type":"WebPage","@id":"https:\/\/www.cavalin.it\/de\/produkt\/mavie-barrique-rovere\/","url":"https:\/\/www.cavalin.it\/de\/produkt\/mavie-barrique-rovere\/","name":"MaVIE Barrique Rovere - Cavalin Distillerie","isPartOf":{"@id":"https:\/\/www.cavalin.it\/#website"},"primaryImageOfPage":{"@id":"https:\/\/www.cavalin.it\/de\/produkt\/mavie-barrique-rovere\/#primaryimage"},"image":{"@id":"https:\/\/www.cavalin.it\/de\/produkt\/mavie-barrique-rovere\/#primaryimage"},"thumbnailUrl":"https:\/\/www.cavalin.it\/wp-content\/uploads\/2018\/06\/Mavie_Rovere.jpg","datePublished":"2014-07-21T13:29:50+00:00","dateModified":"2019-05-28T17:16:04+00:00","breadcrumb":{"@id":"https:\/\/www.cavalin.it\/de\/produkt\/mavie-barrique-rovere\/#breadcrumb"},"inLanguage":"de","potentialAction":[{"@type":"ReadAction","target":["https:\/\/www.cavalin.it\/de\/produkt\/mavie-barrique-rovere\/"]}]},{"@type":"ImageObject","inLanguage":"de","@id":"https:\/\/www.cavalin.it\/de\/produkt\/mavie-barrique-rovere\/#primaryimage","url":"https:\/\/www.cavalin.it\/wp-content\/uploads\/2018\/06\/Mavie_Rovere.jpg","contentUrl":"https:\/\/www.cavalin.it\/wp-content\/uploads\/2018\/06\/Mavie_Rovere.jpg","width":467,"height":700},{"@type":"BreadcrumbList","@id":"https:\/\/www.cavalin.it\/de\/produkt\/mavie-barrique-rovere\/#breadcrumb","itemListElement":[{"@type":"ListItem","position":1,"name":"Home","item":"https:\/\/www.cavalin.it\/de\/"},{"@type":"ListItem","position":2,"name":"Shop","item":"https:\/\/www.cavalin.it\/negozio\/"},{"@type":"ListItem","position":3,"name":"MaVIE Barrique Rovere"}]},{"@type":"WebSite","@id":"https:\/\/www.cavalin.it\/#website","url":"https:\/\/www.cavalin.it\/","name":"Cavalin Distillerie","description":"Produttori Grappa e Distillati","publisher":{"@id":"https:\/\/www.cavalin.it\/#organization"},"potentialAction":[{"@type":"SearchAction","target":{"@type":"EntryPoint","urlTemplate":"https:\/\/www.cavalin.it\/?s={search_term_string}"},"query-input":{"@type":"PropertyValueSpecification","valueRequired":true,"valueName":"search_term_string"}}],"inLanguage":"de"},{"@type":"Organization","@id":"https:\/\/www.cavalin.it\/#organization","name":"Cavalin Distillerie","url":"https:\/\/www.cavalin.it\/","logo":{"@type":"ImageObject","inLanguage":"de","@id":"https:\/\/www.cavalin.it\/#\/schema\/logo\/image\/","url":"https:\/\/www.cavalin.it\/wp-content\/uploads\/2018\/06\/logo-cavalin.png","contentUrl":"https:\/\/www.cavalin.it\/wp-content\/uploads\/2018\/06\/logo-cavalin.png","width":300,"height":179,"caption":"Cavalin Distillerie"},"image":{"@id":"https:\/\/www.cavalin.it\/#\/schema\/logo\/image\/"}}]}},"_links":{"self":[{"href":"https:\/\/www.cavalin.it\/de\/wp-json\/wp\/v2\/product\/19391","targetHints":{"allow":["GET"]}}],"collection":[{"href":"https:\/\/www.cavalin.it\/de\/wp-json\/wp\/v2\/product"}],"about":[{"href":"https:\/\/www.cavalin.it\/de\/wp-json\/wp\/v2\/types\/product"}],"wp:featuredmedia":[{"embeddable":true,"href":"https:\/\/www.cavalin.it\/de\/wp-json\/wp\/v2\/media\/18393"}],"wp:attachment":[{"href":"https:\/\/www.cavalin.it\/de\/wp-json\/wp\/v2\/media?parent=19391"}],"wp:term":[{"taxonomy":"product_brand","embeddable":true,"href":"https:\/\/www.cavalin.it\/de\/wp-json\/wp\/v2\/product_brand?post=19391"},{"taxonomy":"product_cat","embeddable":true,"href":"https:\/\/www.cavalin.it\/de\/wp-json\/wp\/v2\/product_cat?post=19391"},{"taxonomy":"product_tag","embeddable":true,"href":"https:\/\/www.cavalin.it\/de\/wp-json\/wp\/v2\/product_tag?post=19391"}],"curies":[{"name":"wp","href":"https:\/\/api.w.org\/{rel}","templated":true}]}}