{"id":19367,"date":"2014-07-21T14:39:51","date_gmt":"2014-07-21T12:39:51","guid":{"rendered":"https:\/\/www.cavalin.it\/product\/grappa-moscato-in\/"},"modified":"2018-06-22T12:36:20","modified_gmt":"2018-06-22T10:36:20","slug":"grappa-moscato-in","status":"publish","type":"product","link":"https:\/\/www.cavalin.it\/de\/produkt\/grappa-moscato-in\/","title":{"rendered":"Grappa di Moscato \u201eIN\u201c"},"content":{"rendered":"<p>Ideale Zeit, um diese Weinbrand abschmecken ist nach dem Essen, vielleicht in der Gesellschaft von guten Freunden, das sich zu einem Grappa aus dem Gespr\u00e4ch.<br \/>\nAusgezeichnet als Grappa Meditation oder als eine Pause bei der Suche nach einer pers\u00f6nlichen Freude, angesichts der gro\u00dfen Komplexit\u00e4t und reichen Geschmack bietet.<\/p>\n","protected":false},"excerpt":{"rendered":"<p>Ideale Zeit, um diese Weinbrand abschmecken ist nach dem Essen, vielleicht in der Gesellschaft von guten Freunden, das sich zu einem Grappa aus dem Gespr\u00e4ch. Ausgezeichnet als Grappa Meditation oder als eine Pause bei der Suche nach einer pers\u00f6nlichen Freude, angesichts der gro\u00dfen Komplexit\u00e4t und reichen Geschmack bietet.<\/p>\n","protected":false},"featured_media":18371,"template":"","meta":{"_acf_changed":false},"product_brand":[],"product_cat":[96],"product_tag":[],"class_list":{"0":"post-19367","1":"product","2":"type-product","3":"status-publish","4":"has-post-thumbnail","6":"product_cat-junge-grappa","8":"first","9":"instock","10":"taxable","11":"shipping-taxable","12":"product-type-variable"},"acf":[],"yoast_head":"<!-- This site is optimized with the Yoast SEO plugin v27.3 - https:\/\/yoast.com\/product\/yoast-seo-wordpress\/ -->\n<title>Grappa di Moscato \u201eIN\u201c - Cavalin Distillerie<\/title>\n<meta name=\"robots\" content=\"index, follow, max-snippet:-1, max-image-preview:large, max-video-preview:-1\" \/>\n<link rel=\"canonical\" href=\"https:\/\/www.cavalin.it\/de\/produkt\/grappa-moscato-in\/\" \/>\n<meta property=\"og:locale\" content=\"de_DE\" \/>\n<meta property=\"og:type\" content=\"article\" \/>\n<meta property=\"og:title\" content=\"Grappa di Moscato \u201eIN\u201c - Cavalin Distillerie\" \/>\n<meta property=\"og:description\" content=\"Ideale Zeit, um diese Weinbrand abschmecken ist nach dem Essen, vielleicht in der Gesellschaft von guten Freunden, das sich zu einem Grappa aus dem Gespr\u00e4ch. Ausgezeichnet als Grappa Meditation oder als eine Pause bei der Suche nach einer pers\u00f6nlichen Freude, angesichts der gro\u00dfen Komplexit\u00e4t und reichen Geschmack bietet.\" \/>\n<meta property=\"og:url\" content=\"https:\/\/www.cavalin.it\/de\/produkt\/grappa-moscato-in\/\" \/>\n<meta property=\"og:site_name\" content=\"Cavalin Distillerie\" \/>\n<meta property=\"article:modified_time\" content=\"2018-06-22T10:36:20+00:00\" \/>\n<meta property=\"og:image\" content=\"https:\/\/www.cavalin.it\/wp-content\/uploads\/2018\/06\/In-moscato.jpg\" \/>\n\t<meta property=\"og:image:width\" content=\"467\" \/>\n\t<meta property=\"og:image:height\" content=\"700\" \/>\n\t<meta property=\"og:image:type\" content=\"image\/jpeg\" \/>\n<meta name=\"twitter:card\" content=\"summary_large_image\" \/>\n<script type=\"application\/ld+json\" class=\"yoast-schema-graph\">{\"@context\":\"https:\\\/\\\/schema.org\",\"@graph\":[{\"@type\":\"WebPage\",\"@id\":\"https:\\\/\\\/www.cavalin.it\\\/de\\\/produkt\\\/grappa-moscato-in\\\/\",\"url\":\"https:\\\/\\\/www.cavalin.it\\\/de\\\/produkt\\\/grappa-moscato-in\\\/\",\"name\":\"Grappa di Moscato \u201eIN\u201c - Cavalin Distillerie\",\"isPartOf\":{\"@id\":\"https:\\\/\\\/www.cavalin.it\\\/#website\"},\"primaryImageOfPage\":{\"@id\":\"https:\\\/\\\/www.cavalin.it\\\/de\\\/produkt\\\/grappa-moscato-in\\\/#primaryimage\"},\"image\":{\"@id\":\"https:\\\/\\\/www.cavalin.it\\\/de\\\/produkt\\\/grappa-moscato-in\\\/#primaryimage\"},\"thumbnailUrl\":\"https:\\\/\\\/www.cavalin.it\\\/wp-content\\\/uploads\\\/2018\\\/06\\\/In-moscato.jpg\",\"datePublished\":\"2014-07-21T12:39:51+00:00\",\"dateModified\":\"2018-06-22T10:36:20+00:00\",\"breadcrumb\":{\"@id\":\"https:\\\/\\\/www.cavalin.it\\\/de\\\/produkt\\\/grappa-moscato-in\\\/#breadcrumb\"},\"inLanguage\":\"de\",\"potentialAction\":[{\"@type\":\"ReadAction\",\"target\":[\"https:\\\/\\\/www.cavalin.it\\\/de\\\/produkt\\\/grappa-moscato-in\\\/\"]}]},{\"@type\":\"ImageObject\",\"inLanguage\":\"de\",\"@id\":\"https:\\\/\\\/www.cavalin.it\\\/de\\\/produkt\\\/grappa-moscato-in\\\/#primaryimage\",\"url\":\"https:\\\/\\\/www.cavalin.it\\\/wp-content\\\/uploads\\\/2018\\\/06\\\/In-moscato.jpg\",\"contentUrl\":\"https:\\\/\\\/www.cavalin.it\\\/wp-content\\\/uploads\\\/2018\\\/06\\\/In-moscato.jpg\",\"width\":467,\"height\":700},{\"@type\":\"BreadcrumbList\",\"@id\":\"https:\\\/\\\/www.cavalin.it\\\/de\\\/produkt\\\/grappa-moscato-in\\\/#breadcrumb\",\"itemListElement\":[{\"@type\":\"ListItem\",\"position\":1,\"name\":\"Home\",\"item\":\"https:\\\/\\\/www.cavalin.it\\\/de\\\/\"},{\"@type\":\"ListItem\",\"position\":2,\"name\":\"Shop\",\"item\":\"https:\\\/\\\/www.cavalin.it\\\/negozio\\\/\"},{\"@type\":\"ListItem\",\"position\":3,\"name\":\"Grappa di Moscato \u201eIN\u201c\"}]},{\"@type\":\"WebSite\",\"@id\":\"https:\\\/\\\/www.cavalin.it\\\/#website\",\"url\":\"https:\\\/\\\/www.cavalin.it\\\/\",\"name\":\"Cavalin Distillerie\",\"description\":\"Produttori Grappa e Distillati\",\"publisher\":{\"@id\":\"https:\\\/\\\/www.cavalin.it\\\/#organization\"},\"potentialAction\":[{\"@type\":\"SearchAction\",\"target\":{\"@type\":\"EntryPoint\",\"urlTemplate\":\"https:\\\/\\\/www.cavalin.it\\\/?s={search_term_string}\"},\"query-input\":{\"@type\":\"PropertyValueSpecification\",\"valueRequired\":true,\"valueName\":\"search_term_string\"}}],\"inLanguage\":\"de\"},{\"@type\":\"Organization\",\"@id\":\"https:\\\/\\\/www.cavalin.it\\\/#organization\",\"name\":\"Cavalin Distillerie\",\"url\":\"https:\\\/\\\/www.cavalin.it\\\/\",\"logo\":{\"@type\":\"ImageObject\",\"inLanguage\":\"de\",\"@id\":\"https:\\\/\\\/www.cavalin.it\\\/#\\\/schema\\\/logo\\\/image\\\/\",\"url\":\"https:\\\/\\\/www.cavalin.it\\\/wp-content\\\/uploads\\\/2018\\\/06\\\/logo-cavalin.png\",\"contentUrl\":\"https:\\\/\\\/www.cavalin.it\\\/wp-content\\\/uploads\\\/2018\\\/06\\\/logo-cavalin.png\",\"width\":300,\"height\":179,\"caption\":\"Cavalin Distillerie\"},\"image\":{\"@id\":\"https:\\\/\\\/www.cavalin.it\\\/#\\\/schema\\\/logo\\\/image\\\/\"}}]}<\/script>\n<!-- \/ Yoast SEO plugin. -->","yoast_head_json":{"title":"Grappa di Moscato \u201eIN\u201c - Cavalin Distillerie","robots":{"index":"index","follow":"follow","max-snippet":"max-snippet:-1","max-image-preview":"max-image-preview:large","max-video-preview":"max-video-preview:-1"},"canonical":"https:\/\/www.cavalin.it\/de\/produkt\/grappa-moscato-in\/","og_locale":"de_DE","og_type":"article","og_title":"Grappa di Moscato \u201eIN\u201c - Cavalin Distillerie","og_description":"Ideale Zeit, um diese Weinbrand abschmecken ist nach dem Essen, vielleicht in der Gesellschaft von guten Freunden, das sich zu einem Grappa aus dem Gespr\u00e4ch. Ausgezeichnet als Grappa Meditation oder als eine Pause bei der Suche nach einer pers\u00f6nlichen Freude, angesichts der gro\u00dfen Komplexit\u00e4t und reichen Geschmack bietet.","og_url":"https:\/\/www.cavalin.it\/de\/produkt\/grappa-moscato-in\/","og_site_name":"Cavalin Distillerie","article_modified_time":"2018-06-22T10:36:20+00:00","og_image":[{"width":467,"height":700,"url":"https:\/\/www.cavalin.it\/wp-content\/uploads\/2018\/06\/In-moscato.jpg","type":"image\/jpeg"}],"twitter_card":"summary_large_image","schema":{"@context":"https:\/\/schema.org","@graph":[{"@type":"WebPage","@id":"https:\/\/www.cavalin.it\/de\/produkt\/grappa-moscato-in\/","url":"https:\/\/www.cavalin.it\/de\/produkt\/grappa-moscato-in\/","name":"Grappa di Moscato \u201eIN\u201c - Cavalin Distillerie","isPartOf":{"@id":"https:\/\/www.cavalin.it\/#website"},"primaryImageOfPage":{"@id":"https:\/\/www.cavalin.it\/de\/produkt\/grappa-moscato-in\/#primaryimage"},"image":{"@id":"https:\/\/www.cavalin.it\/de\/produkt\/grappa-moscato-in\/#primaryimage"},"thumbnailUrl":"https:\/\/www.cavalin.it\/wp-content\/uploads\/2018\/06\/In-moscato.jpg","datePublished":"2014-07-21T12:39:51+00:00","dateModified":"2018-06-22T10:36:20+00:00","breadcrumb":{"@id":"https:\/\/www.cavalin.it\/de\/produkt\/grappa-moscato-in\/#breadcrumb"},"inLanguage":"de","potentialAction":[{"@type":"ReadAction","target":["https:\/\/www.cavalin.it\/de\/produkt\/grappa-moscato-in\/"]}]},{"@type":"ImageObject","inLanguage":"de","@id":"https:\/\/www.cavalin.it\/de\/produkt\/grappa-moscato-in\/#primaryimage","url":"https:\/\/www.cavalin.it\/wp-content\/uploads\/2018\/06\/In-moscato.jpg","contentUrl":"https:\/\/www.cavalin.it\/wp-content\/uploads\/2018\/06\/In-moscato.jpg","width":467,"height":700},{"@type":"BreadcrumbList","@id":"https:\/\/www.cavalin.it\/de\/produkt\/grappa-moscato-in\/#breadcrumb","itemListElement":[{"@type":"ListItem","position":1,"name":"Home","item":"https:\/\/www.cavalin.it\/de\/"},{"@type":"ListItem","position":2,"name":"Shop","item":"https:\/\/www.cavalin.it\/negozio\/"},{"@type":"ListItem","position":3,"name":"Grappa di Moscato \u201eIN\u201c"}]},{"@type":"WebSite","@id":"https:\/\/www.cavalin.it\/#website","url":"https:\/\/www.cavalin.it\/","name":"Cavalin Distillerie","description":"Produttori Grappa e Distillati","publisher":{"@id":"https:\/\/www.cavalin.it\/#organization"},"potentialAction":[{"@type":"SearchAction","target":{"@type":"EntryPoint","urlTemplate":"https:\/\/www.cavalin.it\/?s={search_term_string}"},"query-input":{"@type":"PropertyValueSpecification","valueRequired":true,"valueName":"search_term_string"}}],"inLanguage":"de"},{"@type":"Organization","@id":"https:\/\/www.cavalin.it\/#organization","name":"Cavalin Distillerie","url":"https:\/\/www.cavalin.it\/","logo":{"@type":"ImageObject","inLanguage":"de","@id":"https:\/\/www.cavalin.it\/#\/schema\/logo\/image\/","url":"https:\/\/www.cavalin.it\/wp-content\/uploads\/2018\/06\/logo-cavalin.png","contentUrl":"https:\/\/www.cavalin.it\/wp-content\/uploads\/2018\/06\/logo-cavalin.png","width":300,"height":179,"caption":"Cavalin Distillerie"},"image":{"@id":"https:\/\/www.cavalin.it\/#\/schema\/logo\/image\/"}}]}},"_links":{"self":[{"href":"https:\/\/www.cavalin.it\/de\/wp-json\/wp\/v2\/product\/19367","targetHints":{"allow":["GET"]}}],"collection":[{"href":"https:\/\/www.cavalin.it\/de\/wp-json\/wp\/v2\/product"}],"about":[{"href":"https:\/\/www.cavalin.it\/de\/wp-json\/wp\/v2\/types\/product"}],"wp:featuredmedia":[{"embeddable":true,"href":"https:\/\/www.cavalin.it\/de\/wp-json\/wp\/v2\/media\/18371"}],"wp:attachment":[{"href":"https:\/\/www.cavalin.it\/de\/wp-json\/wp\/v2\/media?parent=19367"}],"wp:term":[{"taxonomy":"product_brand","embeddable":true,"href":"https:\/\/www.cavalin.it\/de\/wp-json\/wp\/v2\/product_brand?post=19367"},{"taxonomy":"product_cat","embeddable":true,"href":"https:\/\/www.cavalin.it\/de\/wp-json\/wp\/v2\/product_cat?post=19367"},{"taxonomy":"product_tag","embeddable":true,"href":"https:\/\/www.cavalin.it\/de\/wp-json\/wp\/v2\/product_tag?post=19367"}],"curies":[{"name":"wp","href":"https:\/\/api.w.org\/{rel}","templated":true}]}}