{"id":19001,"date":"2014-07-23T11:57:18","date_gmt":"2014-07-23T09:57:18","guid":{"rendered":"https:\/\/www.cavalin.it\/produkte-cavalin\/grappe-barricate\/"},"modified":"2019-12-23T20:22:43","modified_gmt":"2019-12-23T19:22:43","slug":"barrikaden","status":"publish","type":"page","link":"https:\/\/www.cavalin.it\/de\/produkte-cavalin\/barrikaden\/","title":{"rendered":"Barrikaden"},"content":{"rendered":"<section class=\"l-section wpb_row height_medium color_primary\"><div class=\"l-section-overlay\" style=\"background:rgba(33,30,27,0.85)\"><\/div><div class=\"l-section-h i-cf\"><div class=\"g-cols vc_row via_flex valign_middle type_default stacking_default\"><div class=\"vc_col-sm-12 wpb_column vc_column_container\"><div class=\"vc_column-inner\"><div class=\"wpb_wrapper\"><h1 class=\"w-post-elm post_title us_custom_064d9100 align_center entry-title color_link_inherit\">Barrikaden<\/h1><\/div><\/div><\/div><\/div><\/div><\/section><section class=\"l-section wpb_row height_medium\"><div class=\"l-section-h i-cf\"><div class=\"g-cols vc_row via_flex valign_top type_default stacking_default\"><div class=\"vc_col-sm-12 wpb_column vc_column_container\"><div class=\"vc_column-inner\"><div class=\"wpb_wrapper\"><div class=\"w-grid type_grid layout_18820 cols_4 overflow_hidden\" id=\"us_grid_1\" data-filterable=\"true\"><style>#us_grid_1 .w-grid-item{padding:1.5rem}#us_grid_1 .w-grid-list{margin:-1.5rem}.w-grid + #us_grid_1 .w-grid-list,.w-grid-none + #us_grid_1 .w-grid-list{margin-top:1.5rem}@media (max-width:1280px){#us_grid_1 .w-grid-item{width:33.3333%}}@media (max-width:1024px){#us_grid_1 .w-grid-item{width:50%}}@media (max-width:600px){#us_grid_1 .w-grid-list{margin:0}#us_grid_1 .w-grid-item{width:100%;padding:0;margin-bottom:1.5rem}}.layout_18820 .w-grid-item-h{background:#ffffff}.layout_18820 .usg_post_image_1{transition-duration:0.2s;transform:scale(1) translate(0%,0%)}.layout_18820 .w-grid-item-h:hover .usg_post_image_1{transform:scale(1) translate(0%,0%);opacity:1;color:#9d3641!important}.layout_18820 .usg_post_title_1{font-family:var(--font-h1)!important;font-size:1.2rem!important}.layout_18820 .usg_hwrapper_2{color:#999c9f!important}.layout_18820 .usg_vwrapper_1{padding:10px 5px 5px 5px!important}.layout_18820 .usg_post_taxonomy_1{font-size:0.9rem!important}<\/style><div class=\"w-grid-list\">\t<article class=\"w-grid-item size_1x1 post-19235 us_portfolio type-us_portfolio status-publish has-post-thumbnail hentry us_portfolio_category-grappe-barricate-de\" data-id=\"19235\">\r\n\t\t<div class=\"w-grid-item-h\">\r\n\t\t\t\t\t\t<div class=\"w-post-elm post_image usg_post_image_1 stretched\"><a href=\"https:\/\/www.cavalin.it\/de\/catalogo\/grappa-di-barolo\/\" aria-label=\"Grappa di Barolo barrique\"><img loading=\"lazy\" decoding=\"async\" width=\"467\" height=\"700\" src=\"https:\/\/www.cavalin.it\/wp-content\/uploads\/2014\/05\/amarone-barrique-Cavalin.jpg\" class=\"attachment-large size-large wp-post-image\" alt=\"\" srcset=\"https:\/\/www.cavalin.it\/wp-content\/uploads\/2014\/05\/amarone-barrique-Cavalin.jpg 467w, https:\/\/www.cavalin.it\/wp-content\/uploads\/2014\/05\/amarone-barrique-Cavalin-300x450.jpg 300w\" sizes=\"auto, (max-width: 467px) 100vw, 467px\" \/><\/a><\/div><div class=\"w-vwrapper usg_vwrapper_1 align_center valign_top\"><h2 class=\"w-post-elm post_title usg_post_title_1 entry-title color_link_inherit\"><a href=\"https:\/\/www.cavalin.it\/de\/catalogo\/grappa-di-barolo\/\">Grappa di Barolo barrique<\/a><\/h2><div class=\"w-hwrapper usg_hwrapper_2 has_text_color align_center valign_top\"><div class=\"w-post-elm post_taxonomy usg_post_taxonomy_1 style_simple color_link_inherit\"><span class=\"term-79 term-grappe-barricate-de\">Grappe Barricate<\/span><\/div><\/div><\/div>\t\t<\/div>\r\n\t<\/article>\r\n\t<article class=\"w-grid-item size_1x1 post-19239 us_portfolio type-us_portfolio status-publish has-post-thumbnail hentry us_portfolio_category-grappe-barricate-de\" data-id=\"19239\">\r\n\t\t<div class=\"w-grid-item-h\">\r\n\t\t\t\t\t\t<div class=\"w-post-elm post_image usg_post_image_1 stretched\"><a href=\"https:\/\/www.cavalin.it\/de\/catalogo\/grappa-barrique-di-gewuerztraminer\/\" aria-label=\"Grappa barrique di Gew\u00fcrztraminer\"><img loading=\"lazy\" decoding=\"async\" width=\"467\" height=\"700\" src=\"https:\/\/www.cavalin.it\/wp-content\/uploads\/2014\/05\/gewurztraminer-barrique-1.jpg\" class=\"attachment-large size-large wp-post-image\" alt=\"\" srcset=\"https:\/\/www.cavalin.it\/wp-content\/uploads\/2014\/05\/gewurztraminer-barrique-1.jpg 467w, https:\/\/www.cavalin.it\/wp-content\/uploads\/2014\/05\/gewurztraminer-barrique-1-300x450.jpg 300w\" sizes=\"auto, (max-width: 467px) 100vw, 467px\" \/><\/a><\/div><div class=\"w-vwrapper usg_vwrapper_1 align_center valign_top\"><h2 class=\"w-post-elm post_title usg_post_title_1 entry-title color_link_inherit\"><a href=\"https:\/\/www.cavalin.it\/de\/catalogo\/grappa-barrique-di-gewuerztraminer\/\">Grappa barrique di Gew\u00fcrztraminer<\/a><\/h2><div class=\"w-hwrapper usg_hwrapper_2 has_text_color align_center valign_top\"><div class=\"w-post-elm post_taxonomy usg_post_taxonomy_1 style_simple color_link_inherit\"><span class=\"term-79 term-grappe-barricate-de\">Grappe Barricate<\/span><\/div><\/div><\/div>\t\t<\/div>\r\n\t<\/article>\r\n\t<article class=\"w-grid-item size_1x1 post-19243 us_portfolio type-us_portfolio status-publish has-post-thumbnail hentry us_portfolio_category-grappe-barricate-de us_portfolio_category-premiate-de\" data-id=\"19243\">\r\n\t\t<div class=\"w-grid-item-h\">\r\n\t\t\t\t\t\t<div class=\"w-post-elm post_image usg_post_image_1 stretched\"><a href=\"https:\/\/www.cavalin.it\/de\/catalogo\/grappa-amarone-in-barrique\/\" aria-label=\"Grappa di Amarone &#8222;In&#8220; barrique\"><img loading=\"lazy\" decoding=\"async\" width=\"502\" height=\"502\" src=\"https:\/\/www.cavalin.it\/wp-content\/uploads\/2018\/06\/amarone-in-barique.jpg\" class=\"attachment-large size-large wp-post-image\" alt=\"\" \/><\/a><\/div><div class=\"w-vwrapper usg_vwrapper_1 align_center valign_top\"><h2 class=\"w-post-elm post_title usg_post_title_1 entry-title color_link_inherit\"><a href=\"https:\/\/www.cavalin.it\/de\/catalogo\/grappa-amarone-in-barrique\/\">Grappa di Amarone &#8222;In&#8220; barrique<\/a><\/h2><div class=\"w-hwrapper usg_hwrapper_2 has_text_color align_center valign_top\"><div class=\"w-post-elm post_taxonomy usg_post_taxonomy_1 style_simple color_link_inherit\"><span class=\"term-79 term-grappe-barricate-de\">Grappe Barricate<\/span>, <span class=\"term-73 term-premiate-de\">Premiate<\/span><\/div><\/div><\/div>\t\t<\/div>\r\n\t<\/article>\r\n\t<article class=\"w-grid-item size_1x1 post-19247 us_portfolio type-us_portfolio status-publish has-post-thumbnail hentry us_portfolio_category-grappe-barricate-de us_portfolio_category-premiate-de\" data-id=\"19247\">\r\n\t\t<div class=\"w-grid-item-h\">\r\n\t\t\t\t\t\t<div class=\"w-post-elm post_image usg_post_image_1 stretched\"><a href=\"https:\/\/www.cavalin.it\/de\/catalogo\/grappa-di-amarone-barrique\/\" aria-label=\"Grappa di Amarone barrique\"><img loading=\"lazy\" decoding=\"async\" width=\"467\" height=\"700\" src=\"https:\/\/www.cavalin.it\/wp-content\/uploads\/2014\/05\/amarone-barrique-Cavalin.jpg\" class=\"attachment-large size-large wp-post-image\" alt=\"\" srcset=\"https:\/\/www.cavalin.it\/wp-content\/uploads\/2014\/05\/amarone-barrique-Cavalin.jpg 467w, https:\/\/www.cavalin.it\/wp-content\/uploads\/2014\/05\/amarone-barrique-Cavalin-300x450.jpg 300w\" sizes=\"auto, (max-width: 467px) 100vw, 467px\" \/><\/a><\/div><div class=\"w-vwrapper usg_vwrapper_1 align_center valign_top\"><h2 class=\"w-post-elm post_title usg_post_title_1 entry-title color_link_inherit\"><a href=\"https:\/\/www.cavalin.it\/de\/catalogo\/grappa-di-amarone-barrique\/\">Grappa di Amarone barrique<\/a><\/h2><div class=\"w-hwrapper usg_hwrapper_2 has_text_color align_center valign_top\"><div class=\"w-post-elm post_taxonomy usg_post_taxonomy_1 style_simple color_link_inherit\"><span class=\"term-79 term-grappe-barricate-de\">Grappe Barricate<\/span>, <span class=\"term-73 term-premiate-de\">Premiate<\/span><\/div><\/div><\/div>\t\t<\/div>\r\n\t<\/article>\r\n<\/div><div class=\"w-grid-preloader\"><div class=\"g-preloader type_1\">\r\n\t<div><\/div>\r\n<\/div>\r\n<\/div>\t<div class=\"w-grid-json hidden\" onclick='return {&quot;action&quot;:&quot;us_ajax_grid&quot;,&quot;ajax_url&quot;:&quot;https:\\\/\\\/www.cavalin.it\\\/wp-admin\\\/admin-ajax.php&quot;,&quot;infinite_scroll&quot;:0,&quot;max_num_pages&quot;:1,&quot;pagination&quot;:&quot;none&quot;,&quot;permalink_url&quot;:&quot;https:\\\/\\\/www.cavalin.it\\\/de\\\/wp-json\\\/wp\\\/v2\\\/pages\\\/19001\\\/&quot;,&quot;template_vars&quot;:{&quot;columns&quot;:&quot;4&quot;,&quot;exclude_items&quot;:&quot;none&quot;,&quot;img_size&quot;:&quot;default&quot;,&quot;ignore_items_size&quot;:0,&quot;items_layout&quot;:&quot;18820&quot;,&quot;items_offset&quot;:&quot;1&quot;,&quot;load_animation&quot;:&quot;none&quot;,&quot;overriding_link&quot;:&quot;none&quot;,&quot;post_id&quot;:0,&quot;query_args&quot;:{&quot;post_type&quot;:[&quot;us_portfolio&quot;],&quot;tax_query&quot;:[{&quot;taxonomy&quot;:&quot;us_portfolio_category&quot;,&quot;field&quot;:&quot;slug&quot;,&quot;terms&quot;:[&quot;grappe-barricate&quot;]}],&quot;post_status&quot;:[&quot;publish&quot;,&quot;acf-disabled&quot;],&quot;posts_per_page&quot;:&quot;10&quot;},&quot;orderby_query_args&quot;:{&quot;orderby&quot;:{&quot;date&quot;:&quot;DESC&quot;}},&quot;type&quot;:&quot;grid&quot;,&quot;us_grid_ajax_index&quot;:1,&quot;us_grid_filter_params&quot;:null,&quot;us_grid_index&quot;:1,&quot;_us_grid_post_type&quot;:&quot;us_portfolio&quot;,&quot;page_args&quot;:[],&quot;lang&quot;:&quot;de&quot;}}'><\/div>\r\n\t<\/div><\/div><\/div><\/div><\/div><\/div><\/section>\n","protected":false},"excerpt":{"rendered":"JETZT KAUFENGrappa mit Auszeichnung 2005 &#8211; Medaglia d&#8217;oro concorso nazionale grappe Alambicco d&#8217;Oro Anag Die Barrique Grappa di Barolo ist links, in kleinen Eichenf\u00e4ssern Franz\u00f6sisch von der Limousine f\u00fcr nicht weniger als 24 Monate stehen. Diese Art von Alterung, die speziell f\u00fcr diese Art von Branntwein gestaltet sorgt Rundheit im Geschmack sowie eine Bernsteinfarbe. Farbe:...","protected":false},"author":1,"featured_media":0,"parent":18978,"menu_order":0,"comment_status":"closed","ping_status":"closed","template":"","meta":{"_acf_changed":false,"footnotes":""},"class_list":["post-19001","page","type-page","status-publish","hentry"],"acf":[],"yoast_head":"<!-- This site is optimized with the Yoast SEO plugin v27.3 - https:\/\/yoast.com\/product\/yoast-seo-wordpress\/ -->\n<title>Barrikaden - Cavalin Distillerie<\/title>\n<meta name=\"robots\" content=\"index, follow, max-snippet:-1, max-image-preview:large, max-video-preview:-1\" \/>\n<link rel=\"canonical\" href=\"https:\/\/www.cavalin.it\/de\/produkte-cavalin\/barrikaden\/\" \/>\n<meta property=\"og:locale\" content=\"de_DE\" \/>\n<meta property=\"og:type\" content=\"article\" \/>\n<meta property=\"og:title\" content=\"Barrikaden - Cavalin Distillerie\" \/>\n<meta property=\"og:url\" content=\"https:\/\/www.cavalin.it\/de\/produkte-cavalin\/barrikaden\/\" \/>\n<meta property=\"og:site_name\" content=\"Cavalin Distillerie\" \/>\n<meta property=\"article:modified_time\" content=\"2019-12-23T19:22:43+00:00\" \/>\n<meta name=\"twitter:card\" content=\"summary_large_image\" \/>\n<script type=\"application\/ld+json\" class=\"yoast-schema-graph\">{\"@context\":\"https:\\\/\\\/schema.org\",\"@graph\":[{\"@type\":\"WebPage\",\"@id\":\"https:\\\/\\\/www.cavalin.it\\\/de\\\/produkte-cavalin\\\/barrikaden\\\/\",\"url\":\"https:\\\/\\\/www.cavalin.it\\\/de\\\/produkte-cavalin\\\/barrikaden\\\/\",\"name\":\"Barrikaden - Cavalin Distillerie\",\"isPartOf\":{\"@id\":\"https:\\\/\\\/www.cavalin.it\\\/#website\"},\"datePublished\":\"2014-07-23T09:57:18+00:00\",\"dateModified\":\"2019-12-23T19:22:43+00:00\",\"breadcrumb\":{\"@id\":\"https:\\\/\\\/www.cavalin.it\\\/de\\\/produkte-cavalin\\\/barrikaden\\\/#breadcrumb\"},\"inLanguage\":\"de\",\"potentialAction\":[{\"@type\":\"ReadAction\",\"target\":[\"https:\\\/\\\/www.cavalin.it\\\/de\\\/produkte-cavalin\\\/barrikaden\\\/\"]}]},{\"@type\":\"BreadcrumbList\",\"@id\":\"https:\\\/\\\/www.cavalin.it\\\/de\\\/produkte-cavalin\\\/barrikaden\\\/#breadcrumb\",\"itemListElement\":[{\"@type\":\"ListItem\",\"position\":1,\"name\":\"Home\",\"item\":\"https:\\\/\\\/www.cavalin.it\\\/de\\\/\"},{\"@type\":\"ListItem\",\"position\":2,\"name\":\"Produkte Cavalin\",\"item\":\"https:\\\/\\\/www.cavalin.it\\\/de\\\/produkte-cavalin\\\/\"},{\"@type\":\"ListItem\",\"position\":3,\"name\":\"Barrikaden\"}]},{\"@type\":\"WebSite\",\"@id\":\"https:\\\/\\\/www.cavalin.it\\\/#website\",\"url\":\"https:\\\/\\\/www.cavalin.it\\\/\",\"name\":\"Cavalin Distillerie\",\"description\":\"Produttori Grappa e Distillati\",\"publisher\":{\"@id\":\"https:\\\/\\\/www.cavalin.it\\\/#organization\"},\"potentialAction\":[{\"@type\":\"SearchAction\",\"target\":{\"@type\":\"EntryPoint\",\"urlTemplate\":\"https:\\\/\\\/www.cavalin.it\\\/?s={search_term_string}\"},\"query-input\":{\"@type\":\"PropertyValueSpecification\",\"valueRequired\":true,\"valueName\":\"search_term_string\"}}],\"inLanguage\":\"de\"},{\"@type\":\"Organization\",\"@id\":\"https:\\\/\\\/www.cavalin.it\\\/#organization\",\"name\":\"Cavalin Distillerie\",\"url\":\"https:\\\/\\\/www.cavalin.it\\\/\",\"logo\":{\"@type\":\"ImageObject\",\"inLanguage\":\"de\",\"@id\":\"https:\\\/\\\/www.cavalin.it\\\/#\\\/schema\\\/logo\\\/image\\\/\",\"url\":\"https:\\\/\\\/www.cavalin.it\\\/wp-content\\\/uploads\\\/2018\\\/06\\\/logo-cavalin.png\",\"contentUrl\":\"https:\\\/\\\/www.cavalin.it\\\/wp-content\\\/uploads\\\/2018\\\/06\\\/logo-cavalin.png\",\"width\":300,\"height\":179,\"caption\":\"Cavalin Distillerie\"},\"image\":{\"@id\":\"https:\\\/\\\/www.cavalin.it\\\/#\\\/schema\\\/logo\\\/image\\\/\"}}]}<\/script>\n<!-- \/ Yoast SEO plugin. -->","yoast_head_json":{"title":"Barrikaden - Cavalin Distillerie","robots":{"index":"index","follow":"follow","max-snippet":"max-snippet:-1","max-image-preview":"max-image-preview:large","max-video-preview":"max-video-preview:-1"},"canonical":"https:\/\/www.cavalin.it\/de\/produkte-cavalin\/barrikaden\/","og_locale":"de_DE","og_type":"article","og_title":"Barrikaden - Cavalin Distillerie","og_url":"https:\/\/www.cavalin.it\/de\/produkte-cavalin\/barrikaden\/","og_site_name":"Cavalin Distillerie","article_modified_time":"2019-12-23T19:22:43+00:00","twitter_card":"summary_large_image","schema":{"@context":"https:\/\/schema.org","@graph":[{"@type":"WebPage","@id":"https:\/\/www.cavalin.it\/de\/produkte-cavalin\/barrikaden\/","url":"https:\/\/www.cavalin.it\/de\/produkte-cavalin\/barrikaden\/","name":"Barrikaden - Cavalin Distillerie","isPartOf":{"@id":"https:\/\/www.cavalin.it\/#website"},"datePublished":"2014-07-23T09:57:18+00:00","dateModified":"2019-12-23T19:22:43+00:00","breadcrumb":{"@id":"https:\/\/www.cavalin.it\/de\/produkte-cavalin\/barrikaden\/#breadcrumb"},"inLanguage":"de","potentialAction":[{"@type":"ReadAction","target":["https:\/\/www.cavalin.it\/de\/produkte-cavalin\/barrikaden\/"]}]},{"@type":"BreadcrumbList","@id":"https:\/\/www.cavalin.it\/de\/produkte-cavalin\/barrikaden\/#breadcrumb","itemListElement":[{"@type":"ListItem","position":1,"name":"Home","item":"https:\/\/www.cavalin.it\/de\/"},{"@type":"ListItem","position":2,"name":"Produkte Cavalin","item":"https:\/\/www.cavalin.it\/de\/produkte-cavalin\/"},{"@type":"ListItem","position":3,"name":"Barrikaden"}]},{"@type":"WebSite","@id":"https:\/\/www.cavalin.it\/#website","url":"https:\/\/www.cavalin.it\/","name":"Cavalin Distillerie","description":"Produttori Grappa e Distillati","publisher":{"@id":"https:\/\/www.cavalin.it\/#organization"},"potentialAction":[{"@type":"SearchAction","target":{"@type":"EntryPoint","urlTemplate":"https:\/\/www.cavalin.it\/?s={search_term_string}"},"query-input":{"@type":"PropertyValueSpecification","valueRequired":true,"valueName":"search_term_string"}}],"inLanguage":"de"},{"@type":"Organization","@id":"https:\/\/www.cavalin.it\/#organization","name":"Cavalin Distillerie","url":"https:\/\/www.cavalin.it\/","logo":{"@type":"ImageObject","inLanguage":"de","@id":"https:\/\/www.cavalin.it\/#\/schema\/logo\/image\/","url":"https:\/\/www.cavalin.it\/wp-content\/uploads\/2018\/06\/logo-cavalin.png","contentUrl":"https:\/\/www.cavalin.it\/wp-content\/uploads\/2018\/06\/logo-cavalin.png","width":300,"height":179,"caption":"Cavalin Distillerie"},"image":{"@id":"https:\/\/www.cavalin.it\/#\/schema\/logo\/image\/"}}]}},"_links":{"self":[{"href":"https:\/\/www.cavalin.it\/de\/wp-json\/wp\/v2\/pages\/19001","targetHints":{"allow":["GET"]}}],"collection":[{"href":"https:\/\/www.cavalin.it\/de\/wp-json\/wp\/v2\/pages"}],"about":[{"href":"https:\/\/www.cavalin.it\/de\/wp-json\/wp\/v2\/types\/page"}],"author":[{"embeddable":true,"href":"https:\/\/www.cavalin.it\/de\/wp-json\/wp\/v2\/users\/1"}],"replies":[{"embeddable":true,"href":"https:\/\/www.cavalin.it\/de\/wp-json\/wp\/v2\/comments?post=19001"}],"version-history":[{"count":4,"href":"https:\/\/www.cavalin.it\/de\/wp-json\/wp\/v2\/pages\/19001\/revisions"}],"predecessor-version":[{"id":39445,"href":"https:\/\/www.cavalin.it\/de\/wp-json\/wp\/v2\/pages\/19001\/revisions\/39445"}],"up":[{"embeddable":true,"href":"https:\/\/www.cavalin.it\/de\/wp-json\/wp\/v2\/pages\/18978"}],"wp:attachment":[{"href":"https:\/\/www.cavalin.it\/de\/wp-json\/wp\/v2\/media?parent=19001"}],"curies":[{"name":"wp","href":"https:\/\/api.w.org\/{rel}","templated":true}]}}