{"id":18990,"date":"2013-10-16T12:05:38","date_gmt":"2013-10-16T12:05:38","guid":{"rendered":"https:\/\/www.cavalin.it\/dove-siamo\/"},"modified":"2019-12-23T20:22:42","modified_gmt":"2019-12-23T19:22:42","slug":"wo-wir-sind","status":"publish","type":"page","link":"https:\/\/www.cavalin.it\/de\/wo-wir-sind\/","title":{"rendered":"Wo Wir Sind"},"content":{"rendered":"<section class=\"l-section wpb_row height_medium color_primary\"><div class=\"l-section-overlay\" style=\"background:rgba(33,30,27,0.85)\"><\/div><div class=\"l-section-h i-cf\"><div class=\"g-cols vc_row via_flex valign_middle type_default stacking_default\"><div class=\"vc_col-sm-12 wpb_column vc_column_container\"><div class=\"vc_column-inner\"><div class=\"wpb_wrapper\"><h1 class=\"w-post-elm post_title us_custom_064d9100 align_center entry-title color_link_inherit\">Wo Wir Sind<\/h1><\/div><\/div><\/div><\/div><\/div><\/section><section class=\"l-section wpb_row height_medium\"><div class=\"l-section-h i-cf\"><div class=\"g-cols vc_row via_flex valign_top type_default stacking_default\"><div class=\"vc_col-sm-12 wpb_column vc_column_container\"><div class=\"vc_column-inner\"><div class=\"wpb_wrapper\"><div class=\"wpb_text_column\"><div class=\"wpb_wrapper\"><\/div><\/div><div class=\"wpb_text_column\"><div class=\"wpb_wrapper\"><h1 style=\"color: #26241b;text-align: center\">Standorte und Verkaufsstelle<\/h1>\n<\/div><\/div><\/div><\/div><\/div><\/div><\/div><\/section><section class=\"l-section wpb_row height_medium\"><div class=\"l-section-h i-cf\"><div class=\"g-cols vc_row via_flex valign_top type_default stacking_default\"><div class=\"vc_col-sm-6 wpb_column vc_column_container\"><div class=\"vc_column-inner\"><div class=\"wpb_wrapper\"><div class=\"wpb_text_column\"><div class=\"wpb_wrapper\"><h4 style=\"text-align: center\">PRODUKTION<\/h4>\n<p style=\"text-align: center\">Via Barricata 12\/A\u201d<br \/>\n38050 Ospedaletto (TN)\u201d<\/p>\n<\/div><\/div><div class=\"w-separator size_medium with_line width_30 thick_1 style_solid color_border align_center\"><div class=\"w-separator-h\"><\/div><\/div><div class=\"wpb_text_column\"><div class=\"wpb_wrapper\"><h4 style=\"text-align: center\">LAGER<\/h4>\n<p style=\"text-align: center\">Via Aldo Moro 34<br \/>\n36028 Rossano Veneto (VI)<\/p>\n<\/div><\/div><div class=\"w-separator size_medium with_line width_30 thick_1 style_solid color_border align_center\"><div class=\"w-separator-h\"><\/div><\/div><div class=\"wpb_text_column\"><div class=\"wpb_wrapper\"><h4 style=\"text-align: center\">SHOP<\/h4>\n<p style=\"text-align: center\">Via Angarano 1 (Ponte Vecchio)<br \/>\n36061 Bassano del Grappa (VI)<\/p>\n<\/div><\/div><\/div><\/div><\/div><div class=\"vc_col-sm-6 wpb_column vc_column_container\"><div class=\"vc_column-inner\"><div class=\"wpb_wrapper\">\n<div class=\"wpcf7 no-js\" id=\"wpcf7-f19479-o1\" lang=\"it-IT\" dir=\"ltr\" data-wpcf7-id=\"19479\">\n<div class=\"screen-reader-response\"><p role=\"status\" aria-live=\"polite\" aria-atomic=\"true\"><\/p> <ul><\/ul><\/div>\n<form action=\"\/de\/wp-json\/wp\/v2\/pages\/18990#wpcf7-f19479-o1\" method=\"post\" class=\"wpcf7-form init\" aria-label=\"Modulo di contatto\" novalidate=\"novalidate\" data-status=\"init\">\n<fieldset class=\"hidden-fields-container\"><input type=\"hidden\" name=\"_wpcf7\" value=\"19479\" \/><input type=\"hidden\" name=\"_wpcf7_version\" value=\"6.1.5\" \/><input type=\"hidden\" name=\"_wpcf7_locale\" value=\"it_IT\" \/><input type=\"hidden\" name=\"_wpcf7_unit_tag\" value=\"wpcf7-f19479-o1\" \/><input type=\"hidden\" name=\"_wpcf7_container_post\" value=\"0\" \/><input type=\"hidden\" name=\"_wpcf7_posted_data_hash\" value=\"\" \/>\n<\/fieldset>\n<p>Name<br \/>\n<span class=\"wpcf7-form-control-wrap\" data-name=\"Nome\"><input size=\"40\" maxlength=\"400\" class=\"wpcf7-form-control wpcf7-text wpcf7-validates-as-required\" aria-required=\"true\" aria-invalid=\"false\" placeholder=\"Name\" value=\"\" type=\"text\" name=\"Nome\" \/><\/span><br \/>\nTelefonnummer<br \/>\n<span class=\"wpcf7-form-control-wrap\" data-name=\"Tel\"><input size=\"40\" maxlength=\"400\" class=\"wpcf7-form-control wpcf7-tel wpcf7-text wpcf7-validates-as-tel\" aria-invalid=\"false\" placeholder=\"Telefonnummer\" value=\"\" type=\"tel\" name=\"Tel\" \/><\/span><br \/>\nEmail<br \/>\n<span class=\"wpcf7-form-control-wrap\" data-name=\"email\"><input size=\"40\" maxlength=\"400\" class=\"wpcf7-form-control wpcf7-email wpcf7-validates-as-required wpcf7-text wpcf7-validates-as-email\" aria-required=\"true\" aria-invalid=\"false\" placeholder=\"email\" value=\"\" type=\"email\" name=\"email\" \/><\/span><br \/>\nAnfrage<br \/>\n<span class=\"wpcf7-form-control-wrap\" data-name=\"richiesta\"><textarea cols=\"40\" rows=\"10\" maxlength=\"2000\" class=\"wpcf7-form-control wpcf7-textarea wpcf7-validates-as-required\" aria-required=\"true\" aria-invalid=\"false\" placeholder=\"Schreiben Sie Ihre Anfrage hier\" name=\"richiesta\"><\/textarea><\/span>\n<\/p>\n<p><span class=\"wpcf7-form-control-wrap\" data-name=\"privacy\"><span class=\"wpcf7-form-control wpcf7-acceptance\"><span class=\"wpcf7-list-item\"><label><input type=\"checkbox\" name=\"privacy\" value=\"1\" aria-invalid=\"false\" \/><span class=\"wpcf7-list-item-label\">AKZEPTIEREN | Ich erkl\u00e4re, dass ich die Datenschutzerkl\u00e4rung gem\u00e4\u00df Art. 1 gelesen und akzeptiert habe. 13 und 14 der Verordnung (EU) 2016\/679. und ich stimme der Verarbeitung meiner pers\u00f6nlichen Daten f\u00fcr Werbe- und kommerzielle Zwecke zu.<\/span><\/label><\/span><\/span><\/span><br \/>\n[anr_nocaptcha g-recaptcha-response]<br \/>\n<input class=\"wpcf7-form-control wpcf7-submit has-spinner\" type=\"submit\" value=\"Send Request\" \/>\n<\/p>\n<p><img decoding=\"async\" src=\"https:\/\/www.cavalin.it\/wp-content\/uploads\/2018\/07\/locked.png\" \/><strong>Die Informationsanfrage ist kostenlos und unverbindlich.<\/strong> Ihre E-Mail ist gesch\u00fctzt: <a href=\"https:\/\/www.iubenda.com\/privacy-policy\/81092334\/legal\" target=\"_blank\">Gesch\u00e4ftsbedingungen.<\/a>\n<\/p><div class=\"wpcf7-response-output\" aria-hidden=\"true\"><\/div>\n<\/form>\n<\/div>\n<\/div><\/div><\/div><\/div><\/div><\/section><section class=\"l-section wpb_row height_medium\"><div class=\"l-section-h i-cf\"><div class=\"g-cols vc_row via_flex valign_top type_default stacking_default\"><div class=\"vc_col-sm-12 wpb_column vc_column_container\"><div class=\"vc_column-inner\"><div class=\"wpb_wrapper\"><\/div><\/div><\/div><\/div><\/div><\/section>\n","protected":false},"excerpt":{"rendered":"Wo Wir SindStandorte und Verkaufsstelle PRODUKTION Via Barricata 12\/A\u201d 38050 Ospedaletto (TN)\u201d LAGER Via Aldo Moro 34 36028 Rossano Veneto (VI) SHOP Via Angarano 1 (Ponte Vecchio) 36061 Bassano del Grappa (VI) Name Telefonnummer Email Anfrage AKZEPTIEREN | Ich erkl\u00e4re, dass ich die Datenschutzerkl\u00e4rung gem\u00e4\u00df Art. 1 gelesen und akzeptiert habe. 13 und 14 der...","protected":false},"author":1,"featured_media":0,"parent":0,"menu_order":0,"comment_status":"closed","ping_status":"open","template":"","meta":{"_acf_changed":false,"footnotes":""},"class_list":["post-18990","page","type-page","status-publish","hentry"],"acf":[],"yoast_head":"<!-- This site is optimized with the Yoast SEO plugin v27.4 - https:\/\/yoast.com\/product\/yoast-seo-wordpress\/ -->\n<title>Dove Siamo - Grappa Cavalin<\/title>\n<meta name=\"robots\" content=\"index, follow, max-snippet:-1, max-image-preview:large, max-video-preview:-1\" \/>\n<link rel=\"canonical\" href=\"https:\/\/www.cavalin.it\/de\/wo-wir-sind\/\" \/>\n<meta property=\"og:locale\" content=\"de_DE\" \/>\n<meta property=\"og:type\" content=\"article\" \/>\n<meta property=\"og:title\" content=\"Dove Siamo - Grappa Cavalin\" \/>\n<meta property=\"og:url\" content=\"https:\/\/www.cavalin.it\/de\/wo-wir-sind\/\" \/>\n<meta property=\"og:site_name\" content=\"Cavalin Distillerie\" \/>\n<meta property=\"article:modified_time\" content=\"2019-12-23T19:22:42+00:00\" \/>\n<meta name=\"twitter:card\" content=\"summary_large_image\" \/>\n<meta name=\"twitter:label1\" content=\"Gesch\u00e4tzte Lesezeit\" \/>\n\t<meta name=\"twitter:data1\" content=\"1\u00a0Minute\" \/>\n<script type=\"application\/ld+json\" class=\"yoast-schema-graph\">{\"@context\":\"https:\\\/\\\/schema.org\",\"@graph\":[{\"@type\":\"WebPage\",\"@id\":\"https:\\\/\\\/www.cavalin.it\\\/de\\\/wo-wir-sind\\\/\",\"url\":\"https:\\\/\\\/www.cavalin.it\\\/de\\\/wo-wir-sind\\\/\",\"name\":\"Dove Siamo - Grappa Cavalin\",\"isPartOf\":{\"@id\":\"https:\\\/\\\/www.cavalin.it\\\/#website\"},\"datePublished\":\"2013-10-16T12:05:38+00:00\",\"dateModified\":\"2019-12-23T19:22:42+00:00\",\"breadcrumb\":{\"@id\":\"https:\\\/\\\/www.cavalin.it\\\/de\\\/wo-wir-sind\\\/#breadcrumb\"},\"inLanguage\":\"de\",\"potentialAction\":[{\"@type\":\"ReadAction\",\"target\":[\"https:\\\/\\\/www.cavalin.it\\\/de\\\/wo-wir-sind\\\/\"]}]},{\"@type\":\"BreadcrumbList\",\"@id\":\"https:\\\/\\\/www.cavalin.it\\\/de\\\/wo-wir-sind\\\/#breadcrumb\",\"itemListElement\":[{\"@type\":\"ListItem\",\"position\":1,\"name\":\"Home\",\"item\":\"https:\\\/\\\/www.cavalin.it\\\/de\\\/\"},{\"@type\":\"ListItem\",\"position\":2,\"name\":\"Wo Wir Sind\"}]},{\"@type\":\"WebSite\",\"@id\":\"https:\\\/\\\/www.cavalin.it\\\/#website\",\"url\":\"https:\\\/\\\/www.cavalin.it\\\/\",\"name\":\"Cavalin Distillerie\",\"description\":\"Produttori Grappa e Distillati\",\"publisher\":{\"@id\":\"https:\\\/\\\/www.cavalin.it\\\/#organization\"},\"potentialAction\":[{\"@type\":\"SearchAction\",\"target\":{\"@type\":\"EntryPoint\",\"urlTemplate\":\"https:\\\/\\\/www.cavalin.it\\\/?s={search_term_string}\"},\"query-input\":{\"@type\":\"PropertyValueSpecification\",\"valueRequired\":true,\"valueName\":\"search_term_string\"}}],\"inLanguage\":\"de\"},{\"@type\":\"Organization\",\"@id\":\"https:\\\/\\\/www.cavalin.it\\\/#organization\",\"name\":\"Cavalin Distillerie\",\"url\":\"https:\\\/\\\/www.cavalin.it\\\/\",\"logo\":{\"@type\":\"ImageObject\",\"inLanguage\":\"de\",\"@id\":\"https:\\\/\\\/www.cavalin.it\\\/#\\\/schema\\\/logo\\\/image\\\/\",\"url\":\"https:\\\/\\\/www.cavalin.it\\\/wp-content\\\/uploads\\\/2018\\\/06\\\/logo-cavalin.png\",\"contentUrl\":\"https:\\\/\\\/www.cavalin.it\\\/wp-content\\\/uploads\\\/2018\\\/06\\\/logo-cavalin.png\",\"width\":300,\"height\":179,\"caption\":\"Cavalin Distillerie\"},\"image\":{\"@id\":\"https:\\\/\\\/www.cavalin.it\\\/#\\\/schema\\\/logo\\\/image\\\/\"}}]}<\/script>\n<!-- \/ Yoast SEO plugin. -->","yoast_head_json":{"title":"Dove Siamo - Grappa Cavalin","robots":{"index":"index","follow":"follow","max-snippet":"max-snippet:-1","max-image-preview":"max-image-preview:large","max-video-preview":"max-video-preview:-1"},"canonical":"https:\/\/www.cavalin.it\/de\/wo-wir-sind\/","og_locale":"de_DE","og_type":"article","og_title":"Dove Siamo - Grappa Cavalin","og_url":"https:\/\/www.cavalin.it\/de\/wo-wir-sind\/","og_site_name":"Cavalin Distillerie","article_modified_time":"2019-12-23T19:22:42+00:00","twitter_card":"summary_large_image","twitter_misc":{"Gesch\u00e4tzte Lesezeit":"1\u00a0Minute"},"schema":{"@context":"https:\/\/schema.org","@graph":[{"@type":"WebPage","@id":"https:\/\/www.cavalin.it\/de\/wo-wir-sind\/","url":"https:\/\/www.cavalin.it\/de\/wo-wir-sind\/","name":"Dove Siamo - Grappa Cavalin","isPartOf":{"@id":"https:\/\/www.cavalin.it\/#website"},"datePublished":"2013-10-16T12:05:38+00:00","dateModified":"2019-12-23T19:22:42+00:00","breadcrumb":{"@id":"https:\/\/www.cavalin.it\/de\/wo-wir-sind\/#breadcrumb"},"inLanguage":"de","potentialAction":[{"@type":"ReadAction","target":["https:\/\/www.cavalin.it\/de\/wo-wir-sind\/"]}]},{"@type":"BreadcrumbList","@id":"https:\/\/www.cavalin.it\/de\/wo-wir-sind\/#breadcrumb","itemListElement":[{"@type":"ListItem","position":1,"name":"Home","item":"https:\/\/www.cavalin.it\/de\/"},{"@type":"ListItem","position":2,"name":"Wo Wir Sind"}]},{"@type":"WebSite","@id":"https:\/\/www.cavalin.it\/#website","url":"https:\/\/www.cavalin.it\/","name":"Cavalin Distillerie","description":"Produttori Grappa e Distillati","publisher":{"@id":"https:\/\/www.cavalin.it\/#organization"},"potentialAction":[{"@type":"SearchAction","target":{"@type":"EntryPoint","urlTemplate":"https:\/\/www.cavalin.it\/?s={search_term_string}"},"query-input":{"@type":"PropertyValueSpecification","valueRequired":true,"valueName":"search_term_string"}}],"inLanguage":"de"},{"@type":"Organization","@id":"https:\/\/www.cavalin.it\/#organization","name":"Cavalin Distillerie","url":"https:\/\/www.cavalin.it\/","logo":{"@type":"ImageObject","inLanguage":"de","@id":"https:\/\/www.cavalin.it\/#\/schema\/logo\/image\/","url":"https:\/\/www.cavalin.it\/wp-content\/uploads\/2018\/06\/logo-cavalin.png","contentUrl":"https:\/\/www.cavalin.it\/wp-content\/uploads\/2018\/06\/logo-cavalin.png","width":300,"height":179,"caption":"Cavalin Distillerie"},"image":{"@id":"https:\/\/www.cavalin.it\/#\/schema\/logo\/image\/"}}]}},"_links":{"self":[{"href":"https:\/\/www.cavalin.it\/de\/wp-json\/wp\/v2\/pages\/18990","targetHints":{"allow":["GET"]}}],"collection":[{"href":"https:\/\/www.cavalin.it\/de\/wp-json\/wp\/v2\/pages"}],"about":[{"href":"https:\/\/www.cavalin.it\/de\/wp-json\/wp\/v2\/types\/page"}],"author":[{"embeddable":true,"href":"https:\/\/www.cavalin.it\/de\/wp-json\/wp\/v2\/users\/1"}],"replies":[{"embeddable":true,"href":"https:\/\/www.cavalin.it\/de\/wp-json\/wp\/v2\/comments?post=18990"}],"version-history":[{"count":6,"href":"https:\/\/www.cavalin.it\/de\/wp-json\/wp\/v2\/pages\/18990\/revisions"}],"predecessor-version":[{"id":39443,"href":"https:\/\/www.cavalin.it\/de\/wp-json\/wp\/v2\/pages\/18990\/revisions\/39443"}],"wp:attachment":[{"href":"https:\/\/www.cavalin.it\/de\/wp-json\/wp\/v2\/media?parent=18990"}],"curies":[{"name":"wp","href":"https:\/\/api.w.org\/{rel}","templated":true}]}}