{"id":18969,"date":"2014-05-23T13:28:07","date_gmt":"2014-05-23T13:28:07","guid":{"rendered":"https:\/\/www.cavalin.it\/condizioni-per-resi-recessi\/"},"modified":"2019-07-08T08:56:23","modified_gmt":"2019-07-08T06:56:23","slug":"bedingungen-fuer-retouren-und-aussparungen","status":"publish","type":"page","link":"https:\/\/www.cavalin.it\/de\/bedingungen-fuer-retouren-und-aussparungen\/","title":{"rendered":"Bedingungen f\u00fcr Retouren und Aussparungen"},"content":{"rendered":"<p>Die Person, die Produkte \u00fcber die Website cavalin.it gekauft hat das Recht, den Kauf ohne Strafe\u00a0und ohne Angabe von Gr\u00fcnden innerhalb von 10 Tagen ab dem Datum des Eingangs der Ware\u00a0stornieren.<\/p>\n<p>38050 Ospedaletto (TN), per Fax unter (+39) 0424 541 170 oder per E-Mail an E-Mail info \u2013 wenn\u00a0der K\u00e4ufer entscheidet, das Widerrufsrecht auszu\u00fcben, muss der Verk\u00e4ufer per Einschreiben Via\u00a0Barricata, 12 \/ A info@cavalin.it vorausgesetzt, dass diese Kommunikation durch das Senden von\u00a0Einschreiben an der Via Barricata, 12 \/ A best\u00e4tigt werden \u2013 38050 Ospedaletto (TN), innerhalb von\u00a048 (achtundvierzig) Stunden.<\/p>\n<p>Wird zwischen den Parteien auf der Quittung von der Post ausgestellt herrschen die Briefmarke.\u00a0F\u00fcr die Zwecke der Aus\u00fcbung des Widerrufsrechts kann das Senden der Mitteilung als wirksam\u00a0durch die R\u00fcckkehr der gekauften Waren ersetzt werden, vorausgesetzt, dass die gleichen\u00a0Bedingungen.<\/p>\n<p>Wird zwischen den Vertragsparteien zum Zeitpunkt der Lieferung an die Post oder Kurier\u00a0durchsetzen. Die R\u00fcckkehr des guten Willens in jedem Fall innerhalb von drei\u00dfig (30) Tagen ab\u00a0dem Datum des Eingangs der Vorteil. Auf jeden Fall, denn es gibt bis zu einer vollen\u00a0R\u00fcckerstattung des bezahlten Preises zu haben, muss die intakten Waren zur\u00fcckgebracht werden\u00a0und in jedem Fall, in normalem Zustand.<\/p>\n<p>Die Kosten f\u00fcr die Aus\u00fcbung des Widerrufsrechts in \u00dcbereinstimmung mit diesem Artikel werden\u00a0von der Borgo Vecchio Sas von Cavalin Valerio &amp; C .. Cavalin.it freien Willen getragen, die\u00a0gesamte Menge vom K\u00e4ufer innerhalb von drei\u00dfig (30) Tagen erstatten werden nach Erhalt der\u00a0Mitteilung \u00fcber den R\u00fccktritt. Mit dem Erhalt der Mitteilung, die der K\u00e4ufer die Aus\u00fcbung des\u00a0Widerrufsrechts zu informieren, werden die Parteien dieses Vertrages im gegenseitigen\u00a0Verpflichtungen gel\u00f6st, mit Ausnahme der in den Paragraphen des vorliegenden Artikels.<\/p>\n","protected":false},"excerpt":{"rendered":"<p>Die Person, die Produkte \u00fcber die Website cavalin.it gekauft hat das Recht, den Kauf ohne Strafe\u00a0und ohne Angabe von Gr\u00fcnden innerhalb von 10 Tagen ab dem Datum des Eingangs der Ware\u00a0stornieren. 38050 Ospedaletto (TN), per Fax unter (+39) 0424 541 170 oder per E-Mail an E-Mail info \u2013 wenn\u00a0der K\u00e4ufer entscheidet, das Widerrufsrecht auszu\u00fcben, muss&#8230;<\/p>\n","protected":false},"author":1,"featured_media":0,"parent":0,"menu_order":0,"comment_status":"closed","ping_status":"open","template":"","meta":{"_acf_changed":false,"footnotes":""},"class_list":["post-18969","page","type-page","status-publish","hentry"],"acf":[],"yoast_head":"<!-- This site is optimized with the Yoast SEO plugin v27.4 - https:\/\/yoast.com\/product\/yoast-seo-wordpress\/ -->\n<title>Bedingungen f\u00fcr Retouren und Aussparungen - Cavalin Distillerie<\/title>\n<meta name=\"robots\" content=\"index, follow, max-snippet:-1, max-image-preview:large, max-video-preview:-1\" \/>\n<link rel=\"canonical\" href=\"https:\/\/www.cavalin.it\/de\/bedingungen-fuer-retouren-und-aussparungen\/\" \/>\n<meta property=\"og:locale\" content=\"de_DE\" \/>\n<meta property=\"og:type\" content=\"article\" \/>\n<meta property=\"og:title\" content=\"Bedingungen f\u00fcr Retouren und Aussparungen - Cavalin Distillerie\" \/>\n<meta property=\"og:description\" content=\"Die Person, die Produkte \u00fcber die Website cavalin.it gekauft hat das Recht, den Kauf ohne Strafe\u00a0und ohne Angabe von Gr\u00fcnden innerhalb von 10 Tagen ab dem Datum des Eingangs der Ware\u00a0stornieren. 38050 Ospedaletto (TN), per Fax unter (+39) 0424 541 170 oder per E-Mail an E-Mail info \u2013 wenn\u00a0der K\u00e4ufer entscheidet, das Widerrufsrecht auszu\u00fcben, muss...\" \/>\n<meta property=\"og:url\" content=\"https:\/\/www.cavalin.it\/de\/bedingungen-fuer-retouren-und-aussparungen\/\" \/>\n<meta property=\"og:site_name\" content=\"Cavalin Distillerie\" \/>\n<meta property=\"article:modified_time\" content=\"2019-07-08T06:56:23+00:00\" \/>\n<meta name=\"twitter:card\" content=\"summary_large_image\" \/>\n<meta name=\"twitter:label1\" content=\"Gesch\u00e4tzte Lesezeit\" \/>\n\t<meta name=\"twitter:data1\" content=\"1\u00a0Minute\" \/>\n<script type=\"application\/ld+json\" class=\"yoast-schema-graph\">{\"@context\":\"https:\\\/\\\/schema.org\",\"@graph\":[{\"@type\":\"WebPage\",\"@id\":\"https:\\\/\\\/www.cavalin.it\\\/de\\\/bedingungen-fuer-retouren-und-aussparungen\\\/\",\"url\":\"https:\\\/\\\/www.cavalin.it\\\/de\\\/bedingungen-fuer-retouren-und-aussparungen\\\/\",\"name\":\"Bedingungen f\u00fcr Retouren und Aussparungen - Cavalin Distillerie\",\"isPartOf\":{\"@id\":\"https:\\\/\\\/www.cavalin.it\\\/#website\"},\"datePublished\":\"2014-05-23T13:28:07+00:00\",\"dateModified\":\"2019-07-08T06:56:23+00:00\",\"breadcrumb\":{\"@id\":\"https:\\\/\\\/www.cavalin.it\\\/de\\\/bedingungen-fuer-retouren-und-aussparungen\\\/#breadcrumb\"},\"inLanguage\":\"de\",\"potentialAction\":[{\"@type\":\"ReadAction\",\"target\":[\"https:\\\/\\\/www.cavalin.it\\\/de\\\/bedingungen-fuer-retouren-und-aussparungen\\\/\"]}]},{\"@type\":\"BreadcrumbList\",\"@id\":\"https:\\\/\\\/www.cavalin.it\\\/de\\\/bedingungen-fuer-retouren-und-aussparungen\\\/#breadcrumb\",\"itemListElement\":[{\"@type\":\"ListItem\",\"position\":1,\"name\":\"Home\",\"item\":\"https:\\\/\\\/www.cavalin.it\\\/de\\\/\"},{\"@type\":\"ListItem\",\"position\":2,\"name\":\"Bedingungen f\u00fcr Retouren und Aussparungen\"}]},{\"@type\":\"WebSite\",\"@id\":\"https:\\\/\\\/www.cavalin.it\\\/#website\",\"url\":\"https:\\\/\\\/www.cavalin.it\\\/\",\"name\":\"Cavalin Distillerie\",\"description\":\"Produttori Grappa e Distillati\",\"publisher\":{\"@id\":\"https:\\\/\\\/www.cavalin.it\\\/#organization\"},\"potentialAction\":[{\"@type\":\"SearchAction\",\"target\":{\"@type\":\"EntryPoint\",\"urlTemplate\":\"https:\\\/\\\/www.cavalin.it\\\/?s={search_term_string}\"},\"query-input\":{\"@type\":\"PropertyValueSpecification\",\"valueRequired\":true,\"valueName\":\"search_term_string\"}}],\"inLanguage\":\"de\"},{\"@type\":\"Organization\",\"@id\":\"https:\\\/\\\/www.cavalin.it\\\/#organization\",\"name\":\"Cavalin Distillerie\",\"url\":\"https:\\\/\\\/www.cavalin.it\\\/\",\"logo\":{\"@type\":\"ImageObject\",\"inLanguage\":\"de\",\"@id\":\"https:\\\/\\\/www.cavalin.it\\\/#\\\/schema\\\/logo\\\/image\\\/\",\"url\":\"https:\\\/\\\/www.cavalin.it\\\/wp-content\\\/uploads\\\/2018\\\/06\\\/logo-cavalin.png\",\"contentUrl\":\"https:\\\/\\\/www.cavalin.it\\\/wp-content\\\/uploads\\\/2018\\\/06\\\/logo-cavalin.png\",\"width\":300,\"height\":179,\"caption\":\"Cavalin Distillerie\"},\"image\":{\"@id\":\"https:\\\/\\\/www.cavalin.it\\\/#\\\/schema\\\/logo\\\/image\\\/\"}}]}<\/script>\n<!-- \/ Yoast SEO plugin. -->","yoast_head_json":{"title":"Bedingungen f\u00fcr Retouren und Aussparungen - Cavalin Distillerie","robots":{"index":"index","follow":"follow","max-snippet":"max-snippet:-1","max-image-preview":"max-image-preview:large","max-video-preview":"max-video-preview:-1"},"canonical":"https:\/\/www.cavalin.it\/de\/bedingungen-fuer-retouren-und-aussparungen\/","og_locale":"de_DE","og_type":"article","og_title":"Bedingungen f\u00fcr Retouren und Aussparungen - Cavalin Distillerie","og_description":"Die Person, die Produkte \u00fcber die Website cavalin.it gekauft hat das Recht, den Kauf ohne Strafe\u00a0und ohne Angabe von Gr\u00fcnden innerhalb von 10 Tagen ab dem Datum des Eingangs der Ware\u00a0stornieren. 38050 Ospedaletto (TN), per Fax unter (+39) 0424 541 170 oder per E-Mail an E-Mail info \u2013 wenn\u00a0der K\u00e4ufer entscheidet, das Widerrufsrecht auszu\u00fcben, muss...","og_url":"https:\/\/www.cavalin.it\/de\/bedingungen-fuer-retouren-und-aussparungen\/","og_site_name":"Cavalin Distillerie","article_modified_time":"2019-07-08T06:56:23+00:00","twitter_card":"summary_large_image","twitter_misc":{"Gesch\u00e4tzte Lesezeit":"1\u00a0Minute"},"schema":{"@context":"https:\/\/schema.org","@graph":[{"@type":"WebPage","@id":"https:\/\/www.cavalin.it\/de\/bedingungen-fuer-retouren-und-aussparungen\/","url":"https:\/\/www.cavalin.it\/de\/bedingungen-fuer-retouren-und-aussparungen\/","name":"Bedingungen f\u00fcr Retouren und Aussparungen - Cavalin Distillerie","isPartOf":{"@id":"https:\/\/www.cavalin.it\/#website"},"datePublished":"2014-05-23T13:28:07+00:00","dateModified":"2019-07-08T06:56:23+00:00","breadcrumb":{"@id":"https:\/\/www.cavalin.it\/de\/bedingungen-fuer-retouren-und-aussparungen\/#breadcrumb"},"inLanguage":"de","potentialAction":[{"@type":"ReadAction","target":["https:\/\/www.cavalin.it\/de\/bedingungen-fuer-retouren-und-aussparungen\/"]}]},{"@type":"BreadcrumbList","@id":"https:\/\/www.cavalin.it\/de\/bedingungen-fuer-retouren-und-aussparungen\/#breadcrumb","itemListElement":[{"@type":"ListItem","position":1,"name":"Home","item":"https:\/\/www.cavalin.it\/de\/"},{"@type":"ListItem","position":2,"name":"Bedingungen f\u00fcr Retouren und Aussparungen"}]},{"@type":"WebSite","@id":"https:\/\/www.cavalin.it\/#website","url":"https:\/\/www.cavalin.it\/","name":"Cavalin Distillerie","description":"Produttori Grappa e Distillati","publisher":{"@id":"https:\/\/www.cavalin.it\/#organization"},"potentialAction":[{"@type":"SearchAction","target":{"@type":"EntryPoint","urlTemplate":"https:\/\/www.cavalin.it\/?s={search_term_string}"},"query-input":{"@type":"PropertyValueSpecification","valueRequired":true,"valueName":"search_term_string"}}],"inLanguage":"de"},{"@type":"Organization","@id":"https:\/\/www.cavalin.it\/#organization","name":"Cavalin Distillerie","url":"https:\/\/www.cavalin.it\/","logo":{"@type":"ImageObject","inLanguage":"de","@id":"https:\/\/www.cavalin.it\/#\/schema\/logo\/image\/","url":"https:\/\/www.cavalin.it\/wp-content\/uploads\/2018\/06\/logo-cavalin.png","contentUrl":"https:\/\/www.cavalin.it\/wp-content\/uploads\/2018\/06\/logo-cavalin.png","width":300,"height":179,"caption":"Cavalin Distillerie"},"image":{"@id":"https:\/\/www.cavalin.it\/#\/schema\/logo\/image\/"}}]}},"_links":{"self":[{"href":"https:\/\/www.cavalin.it\/de\/wp-json\/wp\/v2\/pages\/18969","targetHints":{"allow":["GET"]}}],"collection":[{"href":"https:\/\/www.cavalin.it\/de\/wp-json\/wp\/v2\/pages"}],"about":[{"href":"https:\/\/www.cavalin.it\/de\/wp-json\/wp\/v2\/types\/page"}],"author":[{"embeddable":true,"href":"https:\/\/www.cavalin.it\/de\/wp-json\/wp\/v2\/users\/1"}],"replies":[{"embeddable":true,"href":"https:\/\/www.cavalin.it\/de\/wp-json\/wp\/v2\/comments?post=18969"}],"version-history":[{"count":1,"href":"https:\/\/www.cavalin.it\/de\/wp-json\/wp\/v2\/pages\/18969\/revisions"}],"predecessor-version":[{"id":18970,"href":"https:\/\/www.cavalin.it\/de\/wp-json\/wp\/v2\/pages\/18969\/revisions\/18970"}],"wp:attachment":[{"href":"https:\/\/www.cavalin.it\/de\/wp-json\/wp\/v2\/media?parent=18969"}],"curies":[{"name":"wp","href":"https:\/\/api.w.org\/{rel}","templated":true}]}}