{"id":18965,"date":"2014-05-23T13:17:22","date_gmt":"2014-05-23T13:17:22","guid":{"rendered":"https:\/\/www.cavalin.it\/condizioni-generali-vendita\/"},"modified":"2019-12-23T20:22:40","modified_gmt":"2019-12-23T19:22:40","slug":"allgemeine-geschaeftsbedingungen","status":"publish","type":"page","link":"https:\/\/www.cavalin.it\/de\/allgemeine-geschaeftsbedingungen\/","title":{"rendered":"Allgemeine gesch\u00e4ftsbedingungen"},"content":{"rendered":"<section class=\"l-section wpb_row height_medium color_primary\"><div class=\"l-section-overlay\" style=\"background:rgba(33,30,27,0.85)\"><\/div><div class=\"l-section-h i-cf\"><div class=\"g-cols vc_row via_flex valign_middle type_default stacking_default\"><div class=\"vc_col-sm-12 wpb_column vc_column_container\"><div class=\"vc_column-inner\"><div class=\"wpb_wrapper\"><h1 class=\"w-post-elm post_title us_custom_064d9100 align_center entry-title color_link_inherit\">Allgemeine gesch\u00e4ftsbedingungen<\/h1><\/div><\/div><\/div><\/div><\/div><\/section><section class=\"l-section wpb_row height_medium\"><div class=\"l-section-h i-cf\"><div class=\"g-cols vc_row via_flex valign_top type_default stacking_default\"><div class=\"vc_col-sm-6 wpb_column vc_column_container\"><div class=\"vc_column-inner\"><div class=\"wpb_wrapper\"><div class=\"wpb_text_column\"><div class=\"wpb_wrapper\"><ul style=\"list-style-type: square;\">\n<li>Die unter diesen Bedingungen Waren f\u00fcr den Verkauf von Marken Cavalin von Borgo Vecchio Sas\u00a0von Cavalin Valerio &amp; C. mit Sitz in Ospedaletto (TN) \u00fcber Barricata 12 \/ A angeboten, bei der\u00a0Handelskammer Trient n.TN141900 registriert der Registrar of Companies, Steuernummer\u00a001512120229 und 01512120229 iva im Folgenden als \u201eLieferant\u201c bezeichnet.<\/li>\n<li>Mit diesem Vertrag sind, verkauft der Lieferant und K\u00e4ufer K\u00e4ufe aus der Ferne \u00fcber Telematik\u00a0sind bewegliche k\u00f6rperliche Gegenst\u00e4nde gezeigt und zum Verkauf auf der Website angebotenen\u00a0www.cavalin.it<\/li>\n<li>Der Vertrag zwischen dem Anbieter und dem K\u00e4ufer kommt zu dem Schluss ausschlie\u00dflich \u00fcber\u00a0das Internet durch Zugriff auf den K\u00e4ufer \u00fcber www.cavalin.it, wo nach die Verfahren beschrieben,\u00a0formalisiert der K\u00e4ufer den Vorschlag f\u00fcr \u201eKauf von Waren, den Vertrag f\u00fcr den Kauf von Waren f\u00fcr\u00a0Verkauf auf der Website www.cavalin.it<\/li>\n<li>Der Vertrag zwischen dem alten Dorf S.A.S. von Cavalin Valerio &amp; C und der Kunde ist mit der\u00a0Annahme der von www.cavalin.it Website erteilten Auftrag abgeschlossen werden.<\/li>\n<li>Die Annahme erfolgt automatisch, wenn nicht anders an den Client \u00fcbermittelt.<\/li>\n<li>Mit einer Bestellung in der vorgeschriebenen Weise, erkl\u00e4rt der Kunde, un die Informationen\u00a0w\u00e4hrend des Kaufprozesses und die Bedingungen von unten transkribiert akzeptieren, sofern\u00a0gelesen haben. Er ersucht daher den Kunden, diese Gesch\u00e4ftsbedingungen sorgf\u00e4ltig zu lesen\u00a0und ausdrucken oder speichern Sie sie in einem anderen dauerhaften Datentr\u00e4ger verf\u00fcgbar und\u00a0zug\u00e4nglich zu ihm.<\/li>\n<li><\/li>\n<\/ul>\n<\/div><\/div><\/div><\/div><\/div><div class=\"vc_col-sm-6 wpb_column vc_column_container\"><div class=\"vc_column-inner\"><div class=\"wpb_wrapper\"><div class=\"wpb_text_column\"><div class=\"wpb_wrapper\"><ul style=\"list-style-type: square;\">\n<li>Alle Verkaufspreise der Produkte angezeigt und auf der Website www.cavalin.it in Euro\u00a0ausgedr\u00fcckt werden und stellen ein \u00f6ffentliches Angebot im Sinne des Art gezeigt. 1336 des\u00a0B\u00fcrgerlichen Gesetzbuchs Diese Preise beinhalten immer italienische IVA und unterliegen\u00a0regelm\u00e4\u00dfigen \u00c4nderungen ohne vorherige Ank\u00fcndigung vor.<\/li>\n<li>Den Auftrag des Kunden durchgef\u00fchrt wird, kann der Preis nicht mehr von dem Verk\u00e4ufer ge\u00e4ndert\u00a0werden.<\/li>\n<li>Es garantiert, dass die gelieferten Produkte gleich den dargestellten und auf der Website\u00a0beschrieben sind.<\/li>\n<li>Cavalin.it weder verkaufen alkoholische Erzeugnisse an Personen unter 18 Jahren. Der Kurier wird\u00a0NICHT Grappa oder anderen alkoholischen Produkten an Personen unter 18 Jahren liefern und\u00a0wird ein Ausweis mit Foto erforderlich Alter zu \u00fcberpr\u00fcfen.<\/li>\n<li>Wenn aus irgendeinem Grund ein Teil dieser AGB ung\u00fcltig oder nicht durchsetzbar sein, wird die\u00a0G\u00fcltigkeit und Durchsetzbarkeit der \u00fcbrigen Bedingungen vollst\u00e4ndig erhalten werden.<\/li>\n<li>Die Allgemeinen Gesch\u00e4ftsbedingungen k\u00f6nnen jederzeit ge\u00e4ndert werden. Alle \u00c4nderungen und \/\u00a0oder neue Bedingungen in Kraft ab dem Zeitpunkt ihrer Ver\u00f6ffentlichung auf dieser Seite der\u00a0Website, die \u00fcber den Zeitpunkt des Inkrafttretens dieser \u00c4nderungen, die nach mindestens 30\u00a0Tage im Vergleich zu ihrer Ver\u00f6ffentlichung auf der Website sein wird. In jedem Fall werden Sie auf\u00a0die Anwendung der Allgemeinen Gesch\u00e4ftsbedingungen und anderen Vertragsbedingungen und\u00a0Wirtschaftskraft zum Zeitpunkt der Bestellung berechtigt.<\/li>\n<li>Im Moment nicht aus Italien kaufen k\u00f6nnen per Online-Shop, aber mit einem Verfahren mit den\u00a0italienischen Zoll. kontaktieren Sie das Unternehmen nach Informationen.<\/li>\n<li><\/li>\n<\/ul>\n<\/div><\/div><\/div><\/div><\/div><\/div><\/div><\/section>\n","protected":false},"excerpt":{"rendered":"Allgemeine gesch\u00e4ftsbedingungen Die unter diesen Bedingungen Waren f\u00fcr den Verkauf von Marken Cavalin von Borgo Vecchio Sas\u00a0von Cavalin Valerio &amp; C. mit Sitz in Ospedaletto (TN) \u00fcber Barricata 12 \/ A angeboten, bei der\u00a0Handelskammer Trient n.TN141900 registriert der Registrar of Companies, Steuernummer\u00a001512120229 und 01512120229 iva im Folgenden als \u201eLieferant\u201c bezeichnet. Mit diesem Vertrag sind, verkauft...","protected":false},"author":1,"featured_media":0,"parent":0,"menu_order":0,"comment_status":"closed","ping_status":"open","template":"","meta":{"_acf_changed":false,"footnotes":""},"class_list":["post-18965","page","type-page","status-publish","hentry"],"acf":[],"yoast_head":"<!-- This site is optimized with the Yoast SEO plugin v27.4 - https:\/\/yoast.com\/product\/yoast-seo-wordpress\/ -->\n<title>Allgemeine gesch\u00e4ftsbedingungen - Cavalin Distillerie<\/title>\n<meta name=\"robots\" content=\"index, follow, max-snippet:-1, max-image-preview:large, max-video-preview:-1\" \/>\n<link rel=\"canonical\" href=\"https:\/\/www.cavalin.it\/de\/allgemeine-geschaeftsbedingungen\/\" \/>\n<meta property=\"og:locale\" content=\"de_DE\" \/>\n<meta property=\"og:type\" content=\"article\" \/>\n<meta property=\"og:title\" content=\"Allgemeine gesch\u00e4ftsbedingungen - Cavalin Distillerie\" \/>\n<meta property=\"og:url\" content=\"https:\/\/www.cavalin.it\/de\/allgemeine-geschaeftsbedingungen\/\" \/>\n<meta property=\"og:site_name\" content=\"Cavalin Distillerie\" \/>\n<meta property=\"article:modified_time\" content=\"2019-12-23T19:22:40+00:00\" \/>\n<meta name=\"twitter:card\" content=\"summary_large_image\" \/>\n<meta name=\"twitter:label1\" content=\"Gesch\u00e4tzte Lesezeit\" \/>\n\t<meta name=\"twitter:data1\" content=\"3\u00a0Minuten\" \/>\n<script type=\"application\/ld+json\" class=\"yoast-schema-graph\">{\"@context\":\"https:\\\/\\\/schema.org\",\"@graph\":[{\"@type\":\"WebPage\",\"@id\":\"https:\\\/\\\/www.cavalin.it\\\/de\\\/allgemeine-geschaeftsbedingungen\\\/\",\"url\":\"https:\\\/\\\/www.cavalin.it\\\/de\\\/allgemeine-geschaeftsbedingungen\\\/\",\"name\":\"Allgemeine gesch\u00e4ftsbedingungen - Cavalin Distillerie\",\"isPartOf\":{\"@id\":\"https:\\\/\\\/www.cavalin.it\\\/#website\"},\"datePublished\":\"2014-05-23T13:17:22+00:00\",\"dateModified\":\"2019-12-23T19:22:40+00:00\",\"breadcrumb\":{\"@id\":\"https:\\\/\\\/www.cavalin.it\\\/de\\\/allgemeine-geschaeftsbedingungen\\\/#breadcrumb\"},\"inLanguage\":\"de\",\"potentialAction\":[{\"@type\":\"ReadAction\",\"target\":[\"https:\\\/\\\/www.cavalin.it\\\/de\\\/allgemeine-geschaeftsbedingungen\\\/\"]}]},{\"@type\":\"BreadcrumbList\",\"@id\":\"https:\\\/\\\/www.cavalin.it\\\/de\\\/allgemeine-geschaeftsbedingungen\\\/#breadcrumb\",\"itemListElement\":[{\"@type\":\"ListItem\",\"position\":1,\"name\":\"Home\",\"item\":\"https:\\\/\\\/www.cavalin.it\\\/de\\\/\"},{\"@type\":\"ListItem\",\"position\":2,\"name\":\"Allgemeine gesch\u00e4ftsbedingungen\"}]},{\"@type\":\"WebSite\",\"@id\":\"https:\\\/\\\/www.cavalin.it\\\/#website\",\"url\":\"https:\\\/\\\/www.cavalin.it\\\/\",\"name\":\"Cavalin Distillerie\",\"description\":\"Produttori Grappa e Distillati\",\"publisher\":{\"@id\":\"https:\\\/\\\/www.cavalin.it\\\/#organization\"},\"potentialAction\":[{\"@type\":\"SearchAction\",\"target\":{\"@type\":\"EntryPoint\",\"urlTemplate\":\"https:\\\/\\\/www.cavalin.it\\\/?s={search_term_string}\"},\"query-input\":{\"@type\":\"PropertyValueSpecification\",\"valueRequired\":true,\"valueName\":\"search_term_string\"}}],\"inLanguage\":\"de\"},{\"@type\":\"Organization\",\"@id\":\"https:\\\/\\\/www.cavalin.it\\\/#organization\",\"name\":\"Cavalin Distillerie\",\"url\":\"https:\\\/\\\/www.cavalin.it\\\/\",\"logo\":{\"@type\":\"ImageObject\",\"inLanguage\":\"de\",\"@id\":\"https:\\\/\\\/www.cavalin.it\\\/#\\\/schema\\\/logo\\\/image\\\/\",\"url\":\"https:\\\/\\\/www.cavalin.it\\\/wp-content\\\/uploads\\\/2018\\\/06\\\/logo-cavalin.png\",\"contentUrl\":\"https:\\\/\\\/www.cavalin.it\\\/wp-content\\\/uploads\\\/2018\\\/06\\\/logo-cavalin.png\",\"width\":300,\"height\":179,\"caption\":\"Cavalin Distillerie\"},\"image\":{\"@id\":\"https:\\\/\\\/www.cavalin.it\\\/#\\\/schema\\\/logo\\\/image\\\/\"}}]}<\/script>\n<!-- \/ Yoast SEO plugin. -->","yoast_head_json":{"title":"Allgemeine gesch\u00e4ftsbedingungen - Cavalin Distillerie","robots":{"index":"index","follow":"follow","max-snippet":"max-snippet:-1","max-image-preview":"max-image-preview:large","max-video-preview":"max-video-preview:-1"},"canonical":"https:\/\/www.cavalin.it\/de\/allgemeine-geschaeftsbedingungen\/","og_locale":"de_DE","og_type":"article","og_title":"Allgemeine gesch\u00e4ftsbedingungen - Cavalin Distillerie","og_url":"https:\/\/www.cavalin.it\/de\/allgemeine-geschaeftsbedingungen\/","og_site_name":"Cavalin Distillerie","article_modified_time":"2019-12-23T19:22:40+00:00","twitter_card":"summary_large_image","twitter_misc":{"Gesch\u00e4tzte Lesezeit":"3\u00a0Minuten"},"schema":{"@context":"https:\/\/schema.org","@graph":[{"@type":"WebPage","@id":"https:\/\/www.cavalin.it\/de\/allgemeine-geschaeftsbedingungen\/","url":"https:\/\/www.cavalin.it\/de\/allgemeine-geschaeftsbedingungen\/","name":"Allgemeine gesch\u00e4ftsbedingungen - Cavalin Distillerie","isPartOf":{"@id":"https:\/\/www.cavalin.it\/#website"},"datePublished":"2014-05-23T13:17:22+00:00","dateModified":"2019-12-23T19:22:40+00:00","breadcrumb":{"@id":"https:\/\/www.cavalin.it\/de\/allgemeine-geschaeftsbedingungen\/#breadcrumb"},"inLanguage":"de","potentialAction":[{"@type":"ReadAction","target":["https:\/\/www.cavalin.it\/de\/allgemeine-geschaeftsbedingungen\/"]}]},{"@type":"BreadcrumbList","@id":"https:\/\/www.cavalin.it\/de\/allgemeine-geschaeftsbedingungen\/#breadcrumb","itemListElement":[{"@type":"ListItem","position":1,"name":"Home","item":"https:\/\/www.cavalin.it\/de\/"},{"@type":"ListItem","position":2,"name":"Allgemeine gesch\u00e4ftsbedingungen"}]},{"@type":"WebSite","@id":"https:\/\/www.cavalin.it\/#website","url":"https:\/\/www.cavalin.it\/","name":"Cavalin Distillerie","description":"Produttori Grappa e Distillati","publisher":{"@id":"https:\/\/www.cavalin.it\/#organization"},"potentialAction":[{"@type":"SearchAction","target":{"@type":"EntryPoint","urlTemplate":"https:\/\/www.cavalin.it\/?s={search_term_string}"},"query-input":{"@type":"PropertyValueSpecification","valueRequired":true,"valueName":"search_term_string"}}],"inLanguage":"de"},{"@type":"Organization","@id":"https:\/\/www.cavalin.it\/#organization","name":"Cavalin Distillerie","url":"https:\/\/www.cavalin.it\/","logo":{"@type":"ImageObject","inLanguage":"de","@id":"https:\/\/www.cavalin.it\/#\/schema\/logo\/image\/","url":"https:\/\/www.cavalin.it\/wp-content\/uploads\/2018\/06\/logo-cavalin.png","contentUrl":"https:\/\/www.cavalin.it\/wp-content\/uploads\/2018\/06\/logo-cavalin.png","width":300,"height":179,"caption":"Cavalin Distillerie"},"image":{"@id":"https:\/\/www.cavalin.it\/#\/schema\/logo\/image\/"}}]}},"_links":{"self":[{"href":"https:\/\/www.cavalin.it\/de\/wp-json\/wp\/v2\/pages\/18965","targetHints":{"allow":["GET"]}}],"collection":[{"href":"https:\/\/www.cavalin.it\/de\/wp-json\/wp\/v2\/pages"}],"about":[{"href":"https:\/\/www.cavalin.it\/de\/wp-json\/wp\/v2\/types\/page"}],"author":[{"embeddable":true,"href":"https:\/\/www.cavalin.it\/de\/wp-json\/wp\/v2\/users\/1"}],"replies":[{"embeddable":true,"href":"https:\/\/www.cavalin.it\/de\/wp-json\/wp\/v2\/comments?post=18965"}],"version-history":[{"count":3,"href":"https:\/\/www.cavalin.it\/de\/wp-json\/wp\/v2\/pages\/18965\/revisions"}],"predecessor-version":[{"id":39437,"href":"https:\/\/www.cavalin.it\/de\/wp-json\/wp\/v2\/pages\/18965\/revisions\/39437"}],"wp:attachment":[{"href":"https:\/\/www.cavalin.it\/de\/wp-json\/wp\/v2\/media?parent=18965"}],"curies":[{"name":"wp","href":"https:\/\/api.w.org\/{rel}","templated":true}]}}